{"id":140,"date":"2026-03-23T21:18:12","date_gmt":"2026-03-23T21:18:12","guid":{"rendered":"https:\/\/fastcar-rentalcars.com\/?page_id=140"},"modified":"2026-03-24T22:49:00","modified_gmt":"2026-03-24T22:49:00","slug":"politicas-renta-autos-houston","status":"publish","type":"page","link":"https:\/\/fastcar-rentalcars.com\/en\/politicas-renta-autos-houston\/","title":{"rendered":"FASTCAR Rental Policies"},"content":{"rendered":"<div data-elementor-type=\"wp-page\" data-elementor-id=\"140\" class=\"elementor elementor-140\">\n\t\t\t\t<div data-aos=\"fade-up\" class=\"hostinger-elementor-aos elementor-element elementor-element-4b3ca68 e-flex e-con-boxed e-con e-parent\" data-id=\"4b3ca68\" data-element_type=\"container\" data-e-type=\"container\">\n\t\t\t\t\t<div class=\"e-con-inner\">\n\t\t\t\t<div class=\"elementor-element elementor-element-a5464cf elementor-widget elementor-widget-heading\" data-id=\"a5464cf\" data-element_type=\"widget\" data-e-type=\"widget\" data-widget_type=\"heading.default\">\n\t\t\t\t<div class=\"elementor-widget-container\">\n\t\t\t\t\t<h1 class=\"elementor-heading-title elementor-size-default\">Car Rental Policies In Houston, Texas<\/h1>\t\t\t\t<\/div>\n\t\t\t\t<\/div>\n\t\t\t\t<div class=\"elementor-element elementor-element-e524017 elementor-widget elementor-widget-text-editor\" data-id=\"e524017\" data-element_type=\"widget\" data-e-type=\"widget\" data-widget_type=\"text-editor.default\">\n\t\t\t\t<div class=\"elementor-widget-container\">\n\t\t\t\t\t\t\t\t\t<p>If you're looking for car rental in Houston, Texas, it's important to know the requirements before booking. At Fastcar Rental Cars, we offer a simple and flexible process designed for both tourists and residents. We accept multiple payment methods, provide delivery at the airport or to your location, and have clear policies so you can rent with confidence. Below, we explain the requirements to rent a car in Houston and everything you need to present at the time of delivery.<\/p>\t\t\t\t\t\t\t\t<\/div>\n\t\t\t\t<\/div>\n\t\t\t\t\t<\/div>\n\t\t\t\t<\/div>\n\t\t<div data-aos=\"fade-up\" class=\"hostinger-elementor-aos elementor-element elementor-element-bbfc3bb e-flex e-con-boxed e-con e-parent\" data-id=\"bbfc3bb\" data-element_type=\"container\" data-e-type=\"container\">\n\t\t\t\t\t<div class=\"e-con-inner\">\n\t\t\t\t<div class=\"elementor-element elementor-element-c83b02e elementor-widget elementor-widget-heading\" data-id=\"c83b02e\" data-element_type=\"widget\" data-e-type=\"widget\" data-widget_type=\"heading.default\">\n\t\t\t\t<div class=\"elementor-widget-container\">\n\t\t\t\t\t<h2 class=\"elementor-heading-title elementor-size-default\">Minimum Rental Period Policy<\/h2>\t\t\t\t<\/div>\n\t\t\t\t<\/div>\n\t\t\t\t<div class=\"elementor-element elementor-element-ffb4f5f elementor-widget elementor-widget-text-editor\" data-id=\"ffb4f5f\" data-element_type=\"widget\" data-e-type=\"widget\" data-widget_type=\"text-editor.default\">\n\t\t\t\t<div class=\"elementor-widget-container\">\n\t\t\t\t\t\t\t\t\t<p>The minimum rental period is 3 days. This policy allows us to offer better rates and ensure vehicle availability. Rentals shorter than this period may be subject to availability and price adjustments.<\/p>\t\t\t\t\t\t\t\t<\/div>\n\t\t\t\t<\/div>\n\t\t\t\t\t<\/div>\n\t\t\t\t<\/div>\n\t\t<div data-aos=\"fade-up\" class=\"hostinger-elementor-aos elementor-element elementor-element-8ca7d12 e-flex e-con-boxed e-con e-parent\" data-id=\"8ca7d12\" data-element_type=\"container\" data-e-type=\"container\">\n\t\t\t\t\t<div class=\"e-con-inner\">\n\t\t\t\t<div class=\"elementor-element elementor-element-268be82 elementor-widget elementor-widget-heading\" data-id=\"268be82\" data-element_type=\"widget\" data-e-type=\"widget\" data-widget_type=\"heading.default\">\n\t\t\t\t<div class=\"elementor-widget-container\">\n\t\t\t\t\t<h2 class=\"elementor-heading-title elementor-size-default\">Security Deposit Policy<\/h2>\t\t\t\t<\/div>\n\t\t\t\t<\/div>\n\t\t\t\t<div class=\"elementor-element elementor-element-6f8d09c elementor-widget elementor-widget-text-editor\" data-id=\"6f8d09c\" data-element_type=\"widget\" data-e-type=\"widget\" data-widget_type=\"text-editor.default\">\n\t\t\t\t<div class=\"elementor-widget-container\">\n\t\t\t\t\t\t\t\t\t<p data-start=\"1652\" data-end=\"1732\">All rentals require a security deposit. The amounts are:<\/p><ul data-start=\"1734\" data-end=\"1858\"><li data-section-id=\"8n8ry8\" data-start=\"1734\" data-end=\"1763\">$300 USD standard deposit<\/li><li data-section-id=\"1ap9i2f\" data-start=\"1764\" data-end=\"1808\">$700 USD for customers under 25 years old<\/li><li data-section-id=\"s81pqu\" data-start=\"1809\" data-end=\"1858\">$700 USD minimum if the vehicle is taken out of state<\/li><\/ul><p data-start=\"1860\" data-end=\"2023\">The deposit is typically refunded within approximately 72 hours after the vehicle is returned. The timing may vary depending on the bank or payment method used.<\/p>\t\t\t\t\t\t\t\t<\/div>\n\t\t\t\t<\/div>\n\t\t\t\t\t<\/div>\n\t\t\t\t<\/div>\n\t\t<div data-aos=\"fade-up\" class=\"hostinger-elementor-aos elementor-element elementor-element-b763519 e-flex e-con-boxed e-con e-parent\" data-id=\"b763519\" data-element_type=\"container\" data-e-type=\"container\">\n\t\t\t\t\t<div class=\"e-con-inner\">\n\t\t\t\t<div class=\"elementor-element elementor-element-136b4cc elementor-widget elementor-widget-heading\" data-id=\"136b4cc\" data-element_type=\"widget\" data-e-type=\"widget\" data-widget_type=\"heading.default\">\n\t\t\t\t<div class=\"elementor-widget-container\">\n\t\t\t\t\t<h2 class=\"elementor-heading-title elementor-size-default\">Mileage Policy<\/h2>\t\t\t\t<\/div>\n\t\t\t\t<\/div>\n\t\t\t\t<div class=\"elementor-element elementor-element-9e32317 elementor-widget elementor-widget-text-editor\" data-id=\"9e32317\" data-element_type=\"widget\" data-e-type=\"widget\" data-widget_type=\"text-editor.default\">\n\t\t\t\t<div class=\"elementor-widget-container\">\n\t\t\t\t\t\t\t\t\t<p data-start=\"2056\" data-end=\"2267\">Our vehicles are rented with mileage packages included. We do not offer unlimited miles. This allows customers to pay only for what they actually use, helping keep rates more affordable.<\/p><p data-start=\"2269\" data-end=\"2360\">Additional miles have a cost, which will be disclosed before the vehicle is delivered.<\/p>\t\t\t\t\t\t\t\t<\/div>\n\t\t\t\t<\/div>\n\t\t\t\t\t<\/div>\n\t\t\t\t<\/div>\n\t\t<div data-aos=\"fade-up\" class=\"hostinger-elementor-aos elementor-element elementor-element-c0eec3d e-flex e-con-boxed e-con e-parent\" data-id=\"c0eec3d\" data-element_type=\"container\" data-e-type=\"container\">\n\t\t\t\t\t<div class=\"e-con-inner\">\n\t\t\t\t<div class=\"elementor-element elementor-element-35e2567 elementor-widget elementor-widget-heading\" data-id=\"35e2567\" data-element_type=\"widget\" data-e-type=\"widget\" data-widget_type=\"heading.default\">\n\t\t\t\t<div class=\"elementor-widget-container\">\n\t\t\t\t\t<h2 class=\"elementor-heading-title elementor-size-default\">Out-Of-State Travel Policy<\/h2>\t\t\t\t<\/div>\n\t\t\t\t<\/div>\n\t\t\t\t<div class=\"elementor-element elementor-element-3ce64b8 elementor-widget elementor-widget-text-editor\" data-id=\"3ce64b8\" data-element_type=\"widget\" data-e-type=\"widget\" data-widget_type=\"text-editor.default\">\n\t\t\t\t<div class=\"elementor-widget-container\">\n\t\t\t\t\t\t\t\t\t<p>If the vehicle will be used outside the state of Texas, the minimum security deposit will be $700 USD. This must be disclosed before the vehicle is delivered.<\/p>\t\t\t\t\t\t\t\t<\/div>\n\t\t\t\t<\/div>\n\t\t\t\t\t<\/div>\n\t\t\t\t<\/div>\n\t\t<div data-aos=\"fade-up\" class=\"hostinger-elementor-aos elementor-element elementor-element-a610788 e-flex e-con-boxed e-con e-parent\" data-id=\"a610788\" data-element_type=\"container\" data-e-type=\"container\">\n\t\t\t\t\t<div class=\"e-con-inner\">\n\t\t\t\t<div class=\"elementor-element elementor-element-7afbe0c elementor-widget elementor-widget-heading\" data-id=\"7afbe0c\" data-element_type=\"widget\" data-e-type=\"widget\" data-widget_type=\"heading.default\">\n\t\t\t\t<div class=\"elementor-widget-container\">\n\t\t\t\t\t<h2 class=\"elementor-heading-title elementor-size-default\">Payment Methods Policy<\/h2>\t\t\t\t<\/div>\n\t\t\t\t<\/div>\n\t\t\t\t<div class=\"elementor-element elementor-element-fe25b1d elementor-widget elementor-widget-text-editor\" data-id=\"fe25b1d\" data-element_type=\"widget\" data-e-type=\"widget\" data-widget_type=\"text-editor.default\">\n\t\t\t\t<div class=\"elementor-widget-container\">\n\t\t\t\t\t\t\t\t\t<p data-start=\"2631\" data-end=\"2683\">We accept the following payment methods:<\/p><ul data-start=\"2685\" data-end=\"2800\"><li data-section-id=\"102mlk9\" data-start=\"2685\" data-end=\"2708\">Credit cards<\/li><li data-section-id=\"1fbylcj\" data-start=\"2709\" data-end=\"2752\">Debit cards in the customer\u2019s name<\/li><li data-section-id=\"1qkdp3m\" data-start=\"2753\" data-end=\"2762\">Zelle<\/li><li data-section-id=\"dr1i5s\" data-start=\"2763\" data-end=\"2774\">CashApp<\/li><li data-section-id=\"1vzlinv\" data-start=\"2775\" data-end=\"2800\">Cash (rental only)<\/li><\/ul><p data-start=\"2802\" data-end=\"2928\">The security deposit must always be made with a bank card in the customer\u2019s name. Prepaid cards are not accepted.<\/p>\t\t\t\t\t\t\t\t<\/div>\n\t\t\t\t<\/div>\n\t\t\t\t\t<\/div>\n\t\t\t\t<\/div>\n\t\t<div data-aos=\"fade-up\" class=\"hostinger-elementor-aos elementor-element elementor-element-289df5f e-flex e-con-boxed e-con e-parent\" data-id=\"289df5f\" data-element_type=\"container\" data-e-type=\"container\">\n\t\t\t\t\t<div class=\"e-con-inner\">\n\t\t\t\t<div class=\"elementor-element elementor-element-edd48bc elementor-widget elementor-widget-heading\" data-id=\"edd48bc\" data-element_type=\"widget\" data-e-type=\"widget\" data-widget_type=\"heading.default\">\n\t\t\t\t<div class=\"elementor-widget-container\">\n\t\t\t\t\t<h2 class=\"elementor-heading-title elementor-size-default\">Vehicle Delivery Policy<\/h2>\t\t\t\t<\/div>\n\t\t\t\t<\/div>\n\t\t\t\t<div class=\"elementor-element elementor-element-bce251b elementor-widget elementor-widget-text-editor\" data-id=\"bce251b\" data-element_type=\"widget\" data-e-type=\"widget\" data-widget_type=\"text-editor.default\">\n\t\t\t\t<div class=\"elementor-widget-container\">\n\t\t\t\t\t\t\t\t\t<p data-start=\"2974\" data-end=\"3014\">Delivery can be made at:<\/p><ul data-start=\"3016\" data-end=\"3098\"><li data-section-id=\"55z8t\" data-start=\"3016\" data-end=\"3041\">Houston Airport<\/li><li data-section-id=\"7kaxx3\" data-start=\"3042\" data-end=\"3067\">Customer\u2019s address<\/li><li data-section-id=\"e4aquf\" data-start=\"3068\" data-end=\"3098\">A previously agreed location<\/li><\/ul><p data-start=\"3100\" data-end=\"3276\">Delivery is complimentary for rentals longer than 10 days. It may also be provided at no additional cost depending on the location and documentation presented.<\/p>\t\t\t\t\t\t\t\t<\/div>\n\t\t\t\t<\/div>\n\t\t\t\t\t<\/div>\n\t\t\t\t<\/div>\n\t\t<div data-aos=\"fade-up\" class=\"hostinger-elementor-aos elementor-element elementor-element-59c31a7 e-flex e-con-boxed e-con e-parent\" data-id=\"59c31a7\" data-element_type=\"container\" data-e-type=\"container\">\n\t\t\t\t\t<div class=\"e-con-inner\">\n\t\t\t\t<div class=\"elementor-element elementor-element-541e42a elementor-widget elementor-widget-heading\" data-id=\"541e42a\" data-element_type=\"widget\" data-e-type=\"widget\" data-widget_type=\"heading.default\">\n\t\t\t\t<div class=\"elementor-widget-container\">\n\t\t\t\t\t<h2 class=\"elementor-heading-title elementor-size-default\">Insurance Policy<\/h2>\t\t\t\t<\/div>\n\t\t\t\t<\/div>\n\t\t\t\t<div class=\"elementor-element elementor-element-f38afd5 elementor-widget elementor-widget-text-editor\" data-id=\"f38afd5\" data-element_type=\"widget\" data-e-type=\"widget\" data-widget_type=\"text-editor.default\">\n\t\t\t\t<div class=\"elementor-widget-container\">\n\t\t\t\t\t\t\t\t\t<p data-start=\"3308\" data-end=\"3369\">Rates do not include insurance. The customer may:<\/p><ul data-start=\"3371\" data-end=\"3431\"><li data-section-id=\"1e6rxd4\" data-start=\"3371\" data-end=\"3400\">Use their own insurance<\/li><li data-section-id=\"14vmxy3\" data-start=\"3401\" data-end=\"3431\">Purchase one with us<\/li><\/ul><p data-start=\"3433\" data-end=\"3494\">Available options are detailed on the insurance page.<\/p>\t\t\t\t\t\t\t\t<\/div>\n\t\t\t\t<\/div>\n\t\t\t\t\t<\/div>\n\t\t\t\t<\/div>\n\t\t<div data-aos=\"fade-up\" class=\"hostinger-elementor-aos elementor-element elementor-element-bce92a0 e-flex e-con-boxed e-con e-parent\" data-id=\"bce92a0\" data-element_type=\"container\" data-e-type=\"container\">\n\t\t\t\t\t<div class=\"e-con-inner\">\n\t\t\t\t<div class=\"elementor-element elementor-element-0a65537 elementor-widget elementor-widget-heading\" data-id=\"0a65537\" data-element_type=\"widget\" data-e-type=\"widget\" data-widget_type=\"heading.default\">\n\t\t\t\t<div class=\"elementor-widget-container\">\n\t\t\t\t\t<h2 class=\"elementor-heading-title elementor-size-default\">Tourist Policy<\/h2>\t\t\t\t<\/div>\n\t\t\t\t<\/div>\n\t\t\t\t<div class=\"elementor-element elementor-element-afc4974 elementor-widget elementor-widget-text-editor\" data-id=\"afc4974\" data-element_type=\"widget\" data-e-type=\"widget\" data-widget_type=\"text-editor.default\">\n\t\t\t\t<div class=\"elementor-widget-container\">\n\t\t\t\t\t\t\t\t\t<p data-start=\"3530\" data-end=\"3581\">Tourists can rent by presenting:<\/p><ul data-start=\"3583\" data-end=\"3655\"><li data-section-id=\"vmwt61\" data-start=\"3583\" data-end=\"3623\">A valid passport with at least 6 months of validity<\/li><li data-section-id=\"17coshf\" data-start=\"3624\" data-end=\"3655\">Valid Driver\u2019s License<\/li><\/ul><p data-start=\"3657\" data-end=\"3735\">This policy allows visitors to rent without issues in Houston, Texas.<\/p>\t\t\t\t\t\t\t\t<\/div>\n\t\t\t\t<\/div>\n\t\t\t\t\t<\/div>\n\t\t\t\t<\/div>\n\t\t<div data-aos=\"fade-up\" class=\"hostinger-elementor-aos elementor-element elementor-element-040545d e-flex e-con-boxed e-con e-parent\" data-id=\"040545d\" data-element_type=\"container\" data-e-type=\"container\">\n\t\t\t\t\t<div class=\"e-con-inner\">\n\t\t\t\t<div class=\"elementor-element elementor-element-ac6753d elementor-widget elementor-widget-heading\" data-id=\"ac6753d\" data-element_type=\"widget\" data-e-type=\"widget\" data-widget_type=\"heading.default\">\n\t\t\t\t<div class=\"elementor-widget-container\">\n\t\t\t\t\t<h2 class=\"elementor-heading-title elementor-size-default\">Vehicle Return Policy<\/h2>\t\t\t\t<\/div>\n\t\t\t\t<\/div>\n\t\t\t\t<div class=\"elementor-element elementor-element-d6509f5 elementor-widget elementor-widget-text-editor\" data-id=\"d6509f5\" data-element_type=\"widget\" data-e-type=\"widget\" data-widget_type=\"text-editor.default\">\n\t\t\t\t<div class=\"elementor-widget-container\">\n\t\t\t\t\t\t\t\t\t<p data-start=\"3784\" data-end=\"3824\">The vehicle MUST be returned:<\/p><ul data-start=\"3826\" data-end=\"3930\"><li data-section-id=\"1ojl61k\" data-start=\"3826\" data-end=\"3850\">On the agreed date<\/li><li data-section-id=\"14x1hy4\" data-start=\"3851\" data-end=\"3888\">With the same fuel level<\/li><li data-section-id=\"1dds7gk\" data-start=\"3889\" data-end=\"3930\">In similar condition to when it was delivered<\/li><\/ul><p data-start=\"3932\" data-end=\"3975\">Delays may result in additional charges.<\/p>\t\t\t\t\t\t\t\t<\/div>\n\t\t\t\t<\/div>\n\t\t\t\t\t<\/div>\n\t\t\t\t<\/div>\n\t\t\t\t<\/div>","protected":false},"excerpt":{"rendered":"<p>Pol\u00edticas de Renta de Autos en Houston Texas Antes de realizar una reserva es importante conocer las pol\u00edticas de renta de autos en Houston. En Fastcar Rentalcars ofrecemos condiciones claras y transparentes para garantizar una experiencia segura. Nuestras pol\u00edticas est\u00e1n dise\u00f1adas para proteger tanto al cliente como al veh\u00edculo, manteniendo tarifas competitivas y un proceso [&hellip;]<\/p>\n","protected":false},"author":1,"featured_media":0,"parent":0,"menu_order":0,"comment_status":"closed","ping_status":"closed","template":"","meta":{"footnotes":""},"class_list":["post-140","page","type-page","status-publish","hentry"],"yoast_head":"<!-- This site is optimized with the Yoast SEO plugin v27.2 - https:\/\/yoast.com\/product\/yoast-seo-wordpress\/ -->\n<title>Pol\u00edticas de Renta de Autos en Houston | Fastcar Rentalcars<\/title>\n<meta name=\"description\" content=\"Conoce las pol\u00edticas de renta de autos en Houston. Dep\u00f3sitos, edad m\u00ednima, entregas, pagos y condiciones claras para rentar con seguridad.\" \/>\n<meta name=\"robots\" content=\"index, follow, max-snippet:-1, max-image-preview:large, max-video-preview:-1\" \/>\n<link rel=\"canonical\" href=\"https:\/\/fastcar-rentalcars.com\/en\/politicas-renta-autos-houston\/\" \/>\n<meta property=\"og:locale\" content=\"en_US\" \/>\n<meta property=\"og:type\" content=\"article\" \/>\n<meta property=\"og:title\" content=\"Pol\u00edticas de renta de autos en Houston Texas\" \/>\n<meta property=\"og:description\" content=\"Revisa nuestras pol\u00edticas de renta en Houston. Informaci\u00f3n clara sobre dep\u00f3sitos, millas, pagos, entregas y requisitos para rentar sin sorpresas.\" \/>\n<meta property=\"og:url\" content=\"https:\/\/fastcar-rentalcars.com\/en\/politicas-renta-autos-houston\/\" \/>\n<meta property=\"og:site_name\" content=\"FASTCAR\" \/>\n<meta property=\"article:modified_time\" content=\"2026-03-24T22:49:00+00:00\" \/>\n<meta name=\"twitter:card\" content=\"summary_large_image\" \/>\n<meta name=\"twitter:label1\" content=\"Est. reading time\" \/>\n\t<meta name=\"twitter:data1\" content=\"3 minutes\" \/>\n<script type=\"application\/ld+json\" class=\"yoast-schema-graph\">{\"@context\":\"https:\/\/schema.org\",\"@graph\":[{\"@type\":\"WebPage\",\"@id\":\"https:\/\/fastcar-rentalcars.com\/politicas-renta-autos-houston\/\",\"url\":\"https:\/\/fastcar-rentalcars.com\/politicas-renta-autos-houston\/\",\"name\":\"Pol\u00edticas de Renta de Autos en Houston | Fastcar Rentalcars\",\"isPartOf\":{\"@id\":\"https:\/\/fastcar-rentalcars.com\/#website\"},\"datePublished\":\"2026-03-23T21:18:12+00:00\",\"dateModified\":\"2026-03-24T22:49:00+00:00\",\"description\":\"Conoce las pol\u00edticas de renta de autos en Houston. Dep\u00f3sitos, edad m\u00ednima, entregas, pagos y condiciones claras para rentar con seguridad.\",\"breadcrumb\":{\"@id\":\"https:\/\/fastcar-rentalcars.com\/politicas-renta-autos-houston\/#breadcrumb\"},\"inLanguage\":\"en-US\",\"potentialAction\":[{\"@type\":\"ReadAction\",\"target\":[\"https:\/\/fastcar-rentalcars.com\/politicas-renta-autos-houston\/\"]}]},{\"@type\":\"BreadcrumbList\",\"@id\":\"https:\/\/fastcar-rentalcars.com\/politicas-renta-autos-houston\/#breadcrumb\",\"itemListElement\":[{\"@type\":\"ListItem\",\"position\":1,\"name\":\"Portada\",\"item\":\"https:\/\/fastcar-rentalcars.com\/\"},{\"@type\":\"ListItem\",\"position\":2,\"name\":\"Pol\u00edticas de Renta\"}]},{\"@type\":\"WebSite\",\"@id\":\"https:\/\/fastcar-rentalcars.com\/#website\",\"url\":\"https:\/\/fastcar-rentalcars.com\/\",\"name\":\"FASTCAR\",\"description\":\"Renta de autos en Houston TX | Car Rental Houston | FASTCAR\",\"publisher\":{\"@id\":\"https:\/\/fastcar-rentalcars.com\/#organization\"},\"potentialAction\":[{\"@type\":\"SearchAction\",\"target\":{\"@type\":\"EntryPoint\",\"urlTemplate\":\"https:\/\/fastcar-rentalcars.com\/?s={search_term_string}\"},\"query-input\":{\"@type\":\"PropertyValueSpecification\",\"valueRequired\":true,\"valueName\":\"search_term_string\"}}],\"inLanguage\":\"en-US\"},{\"@type\":\"Organization\",\"@id\":\"https:\/\/fastcar-rentalcars.com\/#organization\",\"name\":\"FASTCAR\",\"url\":\"https:\/\/fastcar-rentalcars.com\/\",\"logo\":{\"@type\":\"ImageObject\",\"inLanguage\":\"en-US\",\"@id\":\"https:\/\/fastcar-rentalcars.com\/#\/schema\/logo\/image\/\",\"url\":\"https:\/\/fastcar-rentalcars.com\/wp-content\/uploads\/2026\/03\/Logo-FC-Negro-1-scaled.png\",\"contentUrl\":\"https:\/\/fastcar-rentalcars.com\/wp-content\/uploads\/2026\/03\/Logo-FC-Negro-1-scaled.png\",\"width\":2560,\"height\":642,\"caption\":\"FASTCAR\"},\"image\":{\"@id\":\"https:\/\/fastcar-rentalcars.com\/#\/schema\/logo\/image\/\"}}]}<\/script>\n<!-- \/ Yoast SEO plugin. -->","yoast_head_json":{"title":"Pol\u00edticas de Renta de Autos en Houston | Fastcar Rentalcars","description":"Conoce las pol\u00edticas de renta de autos en Houston. Dep\u00f3sitos, edad m\u00ednima, entregas, pagos y condiciones claras para rentar con seguridad.","robots":{"index":"index","follow":"follow","max-snippet":"max-snippet:-1","max-image-preview":"max-image-preview:large","max-video-preview":"max-video-preview:-1"},"canonical":"https:\/\/fastcar-rentalcars.com\/en\/politicas-renta-autos-houston\/","og_locale":"en_US","og_type":"article","og_title":"Pol\u00edticas de renta de autos en Houston Texas","og_description":"Revisa nuestras pol\u00edticas de renta en Houston. Informaci\u00f3n clara sobre dep\u00f3sitos, millas, pagos, entregas y requisitos para rentar sin sorpresas.","og_url":"https:\/\/fastcar-rentalcars.com\/en\/politicas-renta-autos-houston\/","og_site_name":"FASTCAR","article_modified_time":"2026-03-24T22:49:00+00:00","twitter_card":"summary_large_image","twitter_misc":{"Est. reading time":"3 minutes"},"schema":{"@context":"https:\/\/schema.org","@graph":[{"@type":"WebPage","@id":"https:\/\/fastcar-rentalcars.com\/politicas-renta-autos-houston\/","url":"https:\/\/fastcar-rentalcars.com\/politicas-renta-autos-houston\/","name":"Pol\u00edticas de Renta de Autos en Houston | Fastcar Rentalcars","isPartOf":{"@id":"https:\/\/fastcar-rentalcars.com\/#website"},"datePublished":"2026-03-23T21:18:12+00:00","dateModified":"2026-03-24T22:49:00+00:00","description":"Conoce las pol\u00edticas de renta de autos en Houston. Dep\u00f3sitos, edad m\u00ednima, entregas, pagos y condiciones claras para rentar con seguridad.","breadcrumb":{"@id":"https:\/\/fastcar-rentalcars.com\/politicas-renta-autos-houston\/#breadcrumb"},"inLanguage":"en-US","potentialAction":[{"@type":"ReadAction","target":["https:\/\/fastcar-rentalcars.com\/politicas-renta-autos-houston\/"]}]},{"@type":"BreadcrumbList","@id":"https:\/\/fastcar-rentalcars.com\/politicas-renta-autos-houston\/#breadcrumb","itemListElement":[{"@type":"ListItem","position":1,"name":"Portada","item":"https:\/\/fastcar-rentalcars.com\/"},{"@type":"ListItem","position":2,"name":"Pol\u00edticas de Renta"}]},{"@type":"WebSite","@id":"https:\/\/fastcar-rentalcars.com\/#website","url":"https:\/\/fastcar-rentalcars.com\/","name":"FASTCAR","description":"Renta de autos en Houston TX | Car Rental Houston | FASTCAR","publisher":{"@id":"https:\/\/fastcar-rentalcars.com\/#organization"},"potentialAction":[{"@type":"SearchAction","target":{"@type":"EntryPoint","urlTemplate":"https:\/\/fastcar-rentalcars.com\/?s={search_term_string}"},"query-input":{"@type":"PropertyValueSpecification","valueRequired":true,"valueName":"search_term_string"}}],"inLanguage":"en-US"},{"@type":"Organization","@id":"https:\/\/fastcar-rentalcars.com\/#organization","name":"FASTCAR","url":"https:\/\/fastcar-rentalcars.com\/","logo":{"@type":"ImageObject","inLanguage":"en-US","@id":"https:\/\/fastcar-rentalcars.com\/#\/schema\/logo\/image\/","url":"https:\/\/fastcar-rentalcars.com\/wp-content\/uploads\/2026\/03\/Logo-FC-Negro-1-scaled.png","contentUrl":"https:\/\/fastcar-rentalcars.com\/wp-content\/uploads\/2026\/03\/Logo-FC-Negro-1-scaled.png","width":2560,"height":642,"caption":"FASTCAR"},"image":{"@id":"https:\/\/fastcar-rentalcars.com\/#\/schema\/logo\/image\/"}}]}},"_hostinger_reach_plugin_has_subscription_block":false,"_hostinger_reach_plugin_is_elementor":false,"_links":{"self":[{"href":"https:\/\/fastcar-rentalcars.com\/en\/wp-json\/wp\/v2\/pages\/140","targetHints":{"allow":["GET"]}}],"collection":[{"href":"https:\/\/fastcar-rentalcars.com\/en\/wp-json\/wp\/v2\/pages"}],"about":[{"href":"https:\/\/fastcar-rentalcars.com\/en\/wp-json\/wp\/v2\/types\/page"}],"author":[{"embeddable":true,"href":"https:\/\/fastcar-rentalcars.com\/en\/wp-json\/wp\/v2\/users\/1"}],"replies":[{"embeddable":true,"href":"https:\/\/fastcar-rentalcars.com\/en\/wp-json\/wp\/v2\/comments?post=140"}],"version-history":[{"count":5,"href":"https:\/\/fastcar-rentalcars.com\/en\/wp-json\/wp\/v2\/pages\/140\/revisions"}],"predecessor-version":[{"id":195,"href":"https:\/\/fastcar-rentalcars.com\/en\/wp-json\/wp\/v2\/pages\/140\/revisions\/195"}],"wp:attachment":[{"href":"https:\/\/fastcar-rentalcars.com\/en\/wp-json\/wp\/v2\/media?parent=140"}],"curies":[{"name":"wp","href":"https:\/\/api.w.org\/{rel}","templated":true}]}}