{"id":142,"date":"2026-03-23T21:18:49","date_gmt":"2026-03-23T21:18:49","guid":{"rendered":"https:\/\/fastcar-rentalcars.com\/?page_id=142"},"modified":"2026-03-25T15:53:45","modified_gmt":"2026-03-25T15:53:45","slug":"politicas-reserva-renta-autos-houston","status":"publish","type":"page","link":"https:\/\/fastcar-rentalcars.com\/en\/politicas-reserva-renta-autos-houston\/","title":{"rendered":"FASTCAR Booking Policies"},"content":{"rendered":"<div data-elementor-type=\"wp-page\" data-elementor-id=\"142\" class=\"elementor elementor-142\">\n\t\t\t\t<div data-aos=\"fade-up\" class=\"hostinger-elementor-aos elementor-element elementor-element-65b18d4 e-flex e-con-boxed e-con e-parent\" data-id=\"65b18d4\" data-element_type=\"container\" data-e-type=\"container\">\n\t\t\t\t\t<div class=\"e-con-inner\">\n\t\t\t\t<div class=\"elementor-element elementor-element-0598403 elementor-widget elementor-widget-heading\" data-id=\"0598403\" data-element_type=\"widget\" data-e-type=\"widget\" data-widget_type=\"heading.default\">\n\t\t\t\t<div class=\"elementor-widget-container\">\n\t\t\t\t\t<h1 class=\"elementor-heading-title elementor-size-default\">Car Rental Reservation Policies In Houston, Texas<\/h1>\t\t\t\t<\/div>\n\t\t\t\t<\/div>\n\t\t\t\t<div class=\"elementor-element elementor-element-57b5dac elementor-widget elementor-widget-text-editor\" data-id=\"57b5dac\" data-element_type=\"widget\" data-e-type=\"widget\" data-widget_type=\"text-editor.default\">\n\t\t\t\t<div class=\"elementor-widget-container\">\n\t\t\t\t\t\t\t\t\t<p>If you're looking for car rental in Houston, Texas, understanding our reservation policies will help you secure your vehicle in advance. At Fastcar Rental Cars, we offer a simple process to reserve a car in Houston with delivery at the airport or to your location. These policies are designed to ensure availability, clarity, and security when confirming your rental.<\/p>\t\t\t\t\t\t\t\t<\/div>\n\t\t\t\t<\/div>\n\t\t\t\t\t<\/div>\n\t\t\t\t<\/div>\n\t\t<div data-aos=\"fade-up\" class=\"hostinger-elementor-aos elementor-element elementor-element-65f6e5c e-flex e-con-boxed e-con e-parent\" data-id=\"65f6e5c\" data-element_type=\"container\" data-e-type=\"container\">\n\t\t\t\t\t<div class=\"e-con-inner\">\n\t\t\t\t<div class=\"elementor-element elementor-element-026fcde elementor-widget elementor-widget-heading\" data-id=\"026fcde\" data-element_type=\"widget\" data-e-type=\"widget\" data-widget_type=\"heading.default\">\n\t\t\t\t<div class=\"elementor-widget-container\">\n\t\t\t\t\t<h2 class=\"elementor-heading-title elementor-size-default\">How To Reserve A Car In Houston, Texas<\/h2>\t\t\t\t<\/div>\n\t\t\t\t<\/div>\n\t\t\t\t<div class=\"elementor-element elementor-element-fd22cf4 elementor-widget elementor-widget-text-editor\" data-id=\"fd22cf4\" data-element_type=\"widget\" data-e-type=\"widget\" data-widget_type=\"text-editor.default\">\n\t\t\t\t<div class=\"elementor-widget-container\">\n\t\t\t\t\t\t\t\t\t<p data-start=\"1311\" data-end=\"1410\">To make a car rental reservation in Houston, you must provide the following information:<\/p><ul data-start=\"1412\" data-end=\"1582\"><li data-section-id=\"yihpma\" data-start=\"1412\" data-end=\"1431\">Full name<\/li><li data-section-id=\"1d682ue\" data-start=\"1432\" data-end=\"1460\">Rental start date<\/li><li data-section-id=\"1c4uj5i\" data-start=\"1461\" data-end=\"1484\">Return date<\/li><li data-section-id=\"1b5a2xi\" data-start=\"1485\" data-end=\"1522\">Delivery address or airport<\/li><li data-section-id=\"qnkgit\" data-start=\"1523\" data-end=\"1554\">Requested vehicle type<\/li><li data-section-id=\"u7npz1\" data-start=\"1555\" data-end=\"1582\">Preferred payment method<\/li><\/ul><p data-start=\"1584\" data-end=\"1663\">Reservations can be made in advance to ensure availability.<\/p>\t\t\t\t\t\t\t\t<\/div>\n\t\t\t\t<\/div>\n\t\t\t\t\t<\/div>\n\t\t\t\t<\/div>\n\t\t<div data-aos=\"fade-up\" class=\"hostinger-elementor-aos elementor-element elementor-element-9fc59a1 e-flex e-con-boxed e-con e-parent\" data-id=\"9fc59a1\" data-element_type=\"container\" data-e-type=\"container\">\n\t\t\t\t\t<div class=\"e-con-inner\">\n\t\t\t\t<div class=\"elementor-element elementor-element-78f9232 elementor-widget elementor-widget-heading\" data-id=\"78f9232\" data-element_type=\"widget\" data-e-type=\"widget\" data-widget_type=\"heading.default\">\n\t\t\t\t<div class=\"elementor-widget-container\">\n\t\t\t\t\t<h2 class=\"elementor-heading-title elementor-size-default\">Reservation Confirmation In Houston<\/h2>\t\t\t\t<\/div>\n\t\t\t\t<\/div>\n\t\t\t\t<div class=\"elementor-element elementor-element-f97643b elementor-widget elementor-widget-text-editor\" data-id=\"f97643b\" data-element_type=\"widget\" data-e-type=\"widget\" data-widget_type=\"text-editor.default\">\n\t\t\t\t<div class=\"elementor-widget-container\">\n\t\t\t\t\t\t\t\t\t<p>A reservation is considered confirmed once the customer\u2019s information is validated, vehicle availability is verified, and a 10% deposit for the reservation is received. FASTCAR Rental Cars will send a confirmation via message or email with the delivery details.<\/p>\t\t\t\t\t\t\t\t<\/div>\n\t\t\t\t<\/div>\n\t\t\t\t\t<\/div>\n\t\t\t\t<\/div>\n\t\t<div data-aos=\"fade-up\" class=\"hostinger-elementor-aos elementor-element elementor-element-bd7979d e-flex e-con-boxed e-con e-parent\" data-id=\"bd7979d\" data-element_type=\"container\" data-e-type=\"container\">\n\t\t\t\t\t<div class=\"e-con-inner\">\n\t\t\t\t<div class=\"elementor-element elementor-element-5950792 elementor-widget elementor-widget-heading\" data-id=\"5950792\" data-element_type=\"widget\" data-e-type=\"widget\" data-widget_type=\"heading.default\">\n\t\t\t\t<div class=\"elementor-widget-container\">\n\t\t\t\t\t<h2 class=\"elementor-heading-title elementor-size-default\">Advance Booking For Car Rental In Houston<\/h2>\t\t\t\t<\/div>\n\t\t\t\t<\/div>\n\t\t\t\t<div class=\"elementor-element elementor-element-056e1cd elementor-widget elementor-widget-text-editor\" data-id=\"056e1cd\" data-element_type=\"widget\" data-e-type=\"widget\" data-widget_type=\"text-editor.default\">\n\t\t\t\t<div class=\"elementor-widget-container\">\n\t\t\t\t\t\t\t\t\t<p data-start=\"2003\" data-end=\"2082\">We recommend booking in advance to ensure availability:<\/p><ul data-start=\"2084\" data-end=\"2186\"><li data-section-id=\"jtvnvx\" data-start=\"2084\" data-end=\"2118\">24 hours for local deliveries<\/li><li data-section-id=\"zph7ox\" data-start=\"2119\" data-end=\"2147\">48 hours for airport delivery<\/li><li data-section-id=\"1aq09sa\" data-start=\"2148\" data-end=\"2186\">72 hours for special vehicles<\/li><\/ul><p data-start=\"2188\" data-end=\"2259\">This allows us to prepare the vehicle and coordinate delivery properly.<\/p>\t\t\t\t\t\t\t\t<\/div>\n\t\t\t\t<\/div>\n\t\t\t\t\t<\/div>\n\t\t\t\t<\/div>\n\t\t<div data-aos=\"fade-up\" class=\"hostinger-elementor-aos elementor-element elementor-element-9a948b5 e-flex e-con-boxed e-con e-parent\" data-id=\"9a948b5\" data-element_type=\"container\" data-e-type=\"container\">\n\t\t\t\t\t<div class=\"e-con-inner\">\n\t\t\t\t<div class=\"elementor-element elementor-element-4a8e61d elementor-widget elementor-widget-heading\" data-id=\"4a8e61d\" data-element_type=\"widget\" data-e-type=\"widget\" data-widget_type=\"heading.default\">\n\t\t\t\t<div class=\"elementor-widget-container\">\n\t\t\t\t\t<h2 class=\"elementor-heading-title elementor-size-default\">Vehicle Reservation Modification<\/h2>\t\t\t\t<\/div>\n\t\t\t\t<\/div>\n\t\t\t\t<div class=\"elementor-element elementor-element-83e0300 elementor-widget elementor-widget-text-editor\" data-id=\"83e0300\" data-element_type=\"widget\" data-e-type=\"widget\" data-widget_type=\"text-editor.default\">\n\t\t\t\t<div class=\"elementor-widget-container\">\n\t\t\t\t\t\t\t\t\t<p>Reservations can be modified at no additional cost, subject to availability. Changes to the date, delivery address, or vehicle type must be notified at least 72 hours in advance to avoid any inconvenience.<\/p>\t\t\t\t\t\t\t\t<\/div>\n\t\t\t\t<\/div>\n\t\t\t\t\t<\/div>\n\t\t\t\t<\/div>\n\t\t<div data-aos=\"fade-up\" class=\"hostinger-elementor-aos elementor-element elementor-element-7bb7787 e-flex e-con-boxed e-con e-parent\" data-id=\"7bb7787\" data-element_type=\"container\" data-e-type=\"container\">\n\t\t\t\t\t<div class=\"e-con-inner\">\n\t\t\t\t<div class=\"elementor-element elementor-element-e0189d2 elementor-widget elementor-widget-heading\" data-id=\"e0189d2\" data-element_type=\"widget\" data-e-type=\"widget\" data-widget_type=\"heading.default\">\n\t\t\t\t<div class=\"elementor-widget-container\">\n\t\t\t\t\t<h2 class=\"elementor-heading-title elementor-size-default\">Reservation Cancellation Policy<\/h2>\t\t\t\t<\/div>\n\t\t\t\t<\/div>\n\t\t\t\t<div class=\"elementor-element elementor-element-0b19a53 elementor-widget elementor-widget-text-editor\" data-id=\"0b19a53\" data-element_type=\"widget\" data-e-type=\"widget\" data-widget_type=\"text-editor.default\">\n\t\t\t\t<div class=\"elementor-widget-container\">\n\t\t\t\t\t\t\t\t\t<p>You may cancel your reservation without penalty by notifying us at least 72 hours in advance. Late cancellations may incur operational charges of up to 35% of the total rental rate if the vehicle has already been prepared, transported, or reserved during high-demand periods such as holidays or peak dates.<\/p>\t\t\t\t\t\t\t\t<\/div>\n\t\t\t\t<\/div>\n\t\t\t\t\t<\/div>\n\t\t\t\t<\/div>\n\t\t<div data-aos=\"fade-up\" class=\"hostinger-elementor-aos elementor-element elementor-element-6f1410f e-flex e-con-boxed e-con e-parent\" data-id=\"6f1410f\" data-element_type=\"container\" data-e-type=\"container\">\n\t\t\t\t\t<div class=\"e-con-inner\">\n\t\t\t\t<div class=\"elementor-element elementor-element-78eb216 elementor-widget elementor-widget-heading\" data-id=\"78eb216\" data-element_type=\"widget\" data-e-type=\"widget\" data-widget_type=\"heading.default\">\n\t\t\t\t<div class=\"elementor-widget-container\">\n\t\t\t\t\t<h2 class=\"elementor-heading-title elementor-size-default\">Vehicle Availability In Houston<\/h2>\t\t\t\t<\/div>\n\t\t\t\t<\/div>\n\t\t\t\t<div class=\"elementor-element elementor-element-58c4999 elementor-widget elementor-widget-text-editor\" data-id=\"58c4999\" data-element_type=\"widget\" data-e-type=\"widget\" data-widget_type=\"text-editor.default\">\n\t\t\t\t<div class=\"elementor-widget-container\">\n\t\t\t\t\t\t\t\t\t<p data-start=\"2802\" data-end=\"2908\">Reservations are subject to availability. If the requested vehicle is not available, the following will be offered:<\/p><ul data-start=\"2910\" data-end=\"3003\"><li data-section-id=\"bq3v2i\" data-start=\"2910\" data-end=\"2930\">Similar vehicle<\/li><li data-section-id=\"1sywiqa\" data-start=\"2931\" data-end=\"2973\">Upgrade to a higher category vehicle (subject to availability)<\/li><li data-section-id=\"bvlgtu\" data-start=\"2974\" data-end=\"3003\">Delivery rescheduling<\/li><\/ul>\t\t\t\t\t\t\t\t<\/div>\n\t\t\t\t<\/div>\n\t\t\t\t\t<\/div>\n\t\t\t\t<\/div>\n\t\t<div data-aos=\"fade-up\" class=\"hostinger-elementor-aos elementor-element elementor-element-2324301 e-flex e-con-boxed e-con e-parent\" data-id=\"2324301\" data-element_type=\"container\" data-e-type=\"container\">\n\t\t\t\t\t<div class=\"e-con-inner\">\n\t\t\t\t<div class=\"elementor-element elementor-element-441d776 elementor-widget elementor-widget-heading\" data-id=\"441d776\" data-element_type=\"widget\" data-e-type=\"widget\" data-widget_type=\"heading.default\">\n\t\t\t\t<div class=\"elementor-widget-container\">\n\t\t\t\t\t<h2 class=\"elementor-heading-title elementor-size-default\">Delivery Of Reserved Vehicles In Houston<\/h2>\t\t\t\t<\/div>\n\t\t\t\t<\/div>\n\t\t\t\t<div class=\"elementor-element elementor-element-4e39d46 elementor-widget elementor-widget-text-editor\" data-id=\"4e39d46\" data-element_type=\"widget\" data-e-type=\"widget\" data-widget_type=\"text-editor.default\">\n\t\t\t\t<div class=\"elementor-widget-container\">\n\t\t\t\t\t\t\t\t\t<p data-start=\"3061\" data-end=\"3103\">The reserved vehicle can be delivered at:<\/p><ul data-start=\"3105\" data-end=\"3187\"><li data-section-id=\"55z8t\" data-start=\"3105\" data-end=\"3130\">Houston Airport<\/li><li data-section-id=\"7kaxx3\" data-start=\"3131\" data-end=\"3156\">Customer\u2019s address<\/li><li data-section-id=\"e4aquf\" data-start=\"3157\" data-end=\"3187\">A previously agreed location<\/li><\/ul><p data-start=\"3189\" data-end=\"3254\">Off-site vehicle delivery may incur an additional fee or be complimentary depending on the rental duration or location.<\/p>\t\t\t\t\t\t\t\t<\/div>\n\t\t\t\t<\/div>\n\t\t\t\t\t<\/div>\n\t\t\t\t<\/div>\n\t\t<div data-aos=\"fade-up\" class=\"hostinger-elementor-aos elementor-element elementor-element-7ff08f6 e-flex e-con-boxed e-con e-parent\" data-id=\"7ff08f6\" data-element_type=\"container\" data-e-type=\"container\">\n\t\t\t\t\t<div class=\"e-con-inner\">\n\t\t\t\t<div class=\"elementor-element elementor-element-ce7368f elementor-widget elementor-widget-heading\" data-id=\"ce7368f\" data-element_type=\"widget\" data-e-type=\"widget\" data-widget_type=\"heading.default\">\n\t\t\t\t<div class=\"elementor-widget-container\">\n\t\t\t\t\t<h2 class=\"elementor-heading-title elementor-size-default\">Minimum Reservation Period<\/h2>\t\t\t\t<\/div>\n\t\t\t\t<\/div>\n\t\t\t\t<div class=\"elementor-element elementor-element-5a055e2 elementor-widget elementor-widget-text-editor\" data-id=\"5a055e2\" data-element_type=\"widget\" data-e-type=\"widget\" data-widget_type=\"text-editor.default\">\n\t\t\t\t<div class=\"elementor-widget-container\">\n\t\t\t\t\t\t\t\t\t<p>The minimum rental period is 3 days. Shorter reservations may be subject to availability and rate adjustments.<\/p>\t\t\t\t\t\t\t\t<\/div>\n\t\t\t\t<\/div>\n\t\t\t\t\t<\/div>\n\t\t\t\t<\/div>\n\t\t<div data-aos=\"fade-up\" class=\"hostinger-elementor-aos elementor-element elementor-element-808b7fd e-flex e-con-boxed e-con e-parent\" data-id=\"808b7fd\" data-element_type=\"container\" data-e-type=\"container\">\n\t\t\t\t\t<div class=\"e-con-inner\">\n\t\t\t\t<div class=\"elementor-element elementor-element-d7f40dc elementor-widget elementor-widget-heading\" data-id=\"d7f40dc\" data-element_type=\"widget\" data-e-type=\"widget\" data-widget_type=\"heading.default\">\n\t\t\t\t<div class=\"elementor-widget-container\">\n\t\t\t\t\t<h2 class=\"elementor-heading-title elementor-size-default\">Frequently Asked Questions About Reservations In Houston<\/h2>\t\t\t\t<\/div>\n\t\t\t\t<\/div>\n\t\t\t\t<div class=\"elementor-element elementor-element-ed945af elementor-widget elementor-widget-text-editor\" data-id=\"ed945af\" data-element_type=\"widget\" data-e-type=\"widget\" data-widget_type=\"text-editor.default\">\n\t\t\t\t<div class=\"elementor-widget-container\">\n\t\t\t\t\t\t\t\t\t<p data-start=\"3475\" data-end=\"3565\"><strong><em>Can I book with a passport?<\/em><\/strong><br data-start=\"3505\" data-end=\"3508\" \/>Yes, we accept reservations from tourists with a valid passport.<\/p><p data-start=\"3567\" data-end=\"3634\"><strong><em>Can I change my reservation?<\/em><\/strong><br data-start=\"3593\" data-end=\"3596\" \/>Yes, as long as there is availability.<\/p><p data-start=\"3636\" data-end=\"3726\"><strong><em>Can I book in advance?<\/em><\/strong><br data-start=\"3669\" data-end=\"3672\" \/>Yes, we recommend doing so to ensure availability.<\/p><p data-start=\"3728\" data-end=\"3821\"><strong><em>Can I book for airport delivery?<\/em><\/strong><br data-start=\"3771\" data-end=\"3774\" \/>Yes, we offer delivery at Houston Airport.<\/p>\t\t\t\t\t\t\t\t<\/div>\n\t\t\t\t<\/div>\n\t\t\t\t\t<\/div>\n\t\t\t\t<\/div>\n\t\t\t\t<\/div>","protected":false},"excerpt":{"rendered":"<p>Pol\u00edticas De Reserva De Renta De Autos En Houston Texas Si est\u00e1s buscando renta de autos en Houston Texas, conocer nuestras pol\u00edticas de reserva te permitir\u00e1 asegurar tu veh\u00edculo con anticipaci\u00f3n. En Fastcar Rentalcars ofrecemos un proceso sencillo para reservar auto en Houston con entrega en aeropuerto o domicilio. Estas pol\u00edticas est\u00e1n dise\u00f1adas para garantizar [&hellip;]<\/p>\n","protected":false},"author":1,"featured_media":0,"parent":0,"menu_order":0,"comment_status":"closed","ping_status":"closed","template":"","meta":{"footnotes":""},"class_list":["post-142","page","type-page","status-publish","hentry"],"yoast_head":"<!-- This site is optimized with the Yoast SEO plugin v27.2 - https:\/\/yoast.com\/product\/yoast-seo-wordpress\/ -->\n<title>Pol\u00edticas De Reserva Renta Autos Houston | Fastcar Rentalcars<\/title>\n<meta name=\"description\" content=\"Consulta las pol\u00edticas de reserva para renta de autos en Houston Texas, entrega en aeropuerto o domicilio y condiciones claras.\" \/>\n<meta name=\"robots\" content=\"index, follow, max-snippet:-1, max-image-preview:large, max-video-preview:-1\" \/>\n<link rel=\"canonical\" href=\"https:\/\/fastcar-rentalcars.com\/en\/politicas-reserva-renta-autos-houston\/\" \/>\n<meta property=\"og:locale\" content=\"en_US\" \/>\n<meta property=\"og:type\" content=\"article\" \/>\n<meta property=\"og:title\" content=\"Pol\u00edticas De Reserva De Autos En Houston Texas\" \/>\n<meta property=\"og:description\" content=\"Reserva tu auto en Houston con Fastcar Rentalcars. Entrega en aeropuerto o domicilio y pol\u00edticas claras sin cargos ocultos.\" \/>\n<meta property=\"og:url\" content=\"https:\/\/fastcar-rentalcars.com\/en\/politicas-reserva-renta-autos-houston\/\" \/>\n<meta property=\"og:site_name\" content=\"FASTCAR\" \/>\n<meta property=\"article:modified_time\" content=\"2026-03-25T15:53:45+00:00\" \/>\n<meta name=\"twitter:card\" content=\"summary_large_image\" \/>\n<meta name=\"twitter:title\" content=\"Pol\u00edticas De Reserva De Autos En Houston Texas\" \/>\n<meta name=\"twitter:description\" content=\"Reserva tu auto en Houston con Fastcar Rentalcars. Entrega en aeropuerto o domicilio y pol\u00edticas claras sin cargos ocultos.\" \/>\n<meta name=\"twitter:label1\" content=\"Est. reading time\" \/>\n\t<meta name=\"twitter:data1\" content=\"3 minutes\" \/>\n<script type=\"application\/ld+json\" class=\"yoast-schema-graph\">{\"@context\":\"https:\/\/schema.org\",\"@graph\":[{\"@type\":\"WebPage\",\"@id\":\"https:\/\/fastcar-rentalcars.com\/politicas-reserva-renta-autos-houston\/\",\"url\":\"https:\/\/fastcar-rentalcars.com\/politicas-reserva-renta-autos-houston\/\",\"name\":\"Pol\u00edticas De Reserva Renta Autos Houston | Fastcar Rentalcars\",\"isPartOf\":{\"@id\":\"https:\/\/fastcar-rentalcars.com\/#website\"},\"datePublished\":\"2026-03-23T21:18:49+00:00\",\"dateModified\":\"2026-03-25T15:53:45+00:00\",\"description\":\"Consulta las pol\u00edticas de reserva para renta de autos en Houston Texas, entrega en aeropuerto o domicilio y condiciones claras.\",\"breadcrumb\":{\"@id\":\"https:\/\/fastcar-rentalcars.com\/politicas-reserva-renta-autos-houston\/#breadcrumb\"},\"inLanguage\":\"en-US\",\"potentialAction\":[{\"@type\":\"ReadAction\",\"target\":[\"https:\/\/fastcar-rentalcars.com\/politicas-reserva-renta-autos-houston\/\"]}]},{\"@type\":\"BreadcrumbList\",\"@id\":\"https:\/\/fastcar-rentalcars.com\/politicas-reserva-renta-autos-houston\/#breadcrumb\",\"itemListElement\":[{\"@type\":\"ListItem\",\"position\":1,\"name\":\"Portada\",\"item\":\"https:\/\/fastcar-rentalcars.com\/\"},{\"@type\":\"ListItem\",\"position\":2,\"name\":\"Pol\u00edticas de Reserva\"}]},{\"@type\":\"WebSite\",\"@id\":\"https:\/\/fastcar-rentalcars.com\/#website\",\"url\":\"https:\/\/fastcar-rentalcars.com\/\",\"name\":\"FASTCAR\",\"description\":\"Renta de autos en Houston TX | Car Rental Houston | FASTCAR\",\"publisher\":{\"@id\":\"https:\/\/fastcar-rentalcars.com\/#organization\"},\"potentialAction\":[{\"@type\":\"SearchAction\",\"target\":{\"@type\":\"EntryPoint\",\"urlTemplate\":\"https:\/\/fastcar-rentalcars.com\/?s={search_term_string}\"},\"query-input\":{\"@type\":\"PropertyValueSpecification\",\"valueRequired\":true,\"valueName\":\"search_term_string\"}}],\"inLanguage\":\"en-US\"},{\"@type\":\"Organization\",\"@id\":\"https:\/\/fastcar-rentalcars.com\/#organization\",\"name\":\"FASTCAR\",\"url\":\"https:\/\/fastcar-rentalcars.com\/\",\"logo\":{\"@type\":\"ImageObject\",\"inLanguage\":\"en-US\",\"@id\":\"https:\/\/fastcar-rentalcars.com\/#\/schema\/logo\/image\/\",\"url\":\"https:\/\/fastcar-rentalcars.com\/wp-content\/uploads\/2026\/03\/Logo-FC-Negro-1-scaled.png\",\"contentUrl\":\"https:\/\/fastcar-rentalcars.com\/wp-content\/uploads\/2026\/03\/Logo-FC-Negro-1-scaled.png\",\"width\":2560,\"height\":642,\"caption\":\"FASTCAR\"},\"image\":{\"@id\":\"https:\/\/fastcar-rentalcars.com\/#\/schema\/logo\/image\/\"}}]}<\/script>\n<!-- \/ Yoast SEO plugin. -->","yoast_head_json":{"title":"Pol\u00edticas De Reserva Renta Autos Houston | Fastcar Rentalcars","description":"Consulta las pol\u00edticas de reserva para renta de autos en Houston Texas, entrega en aeropuerto o domicilio y condiciones claras.","robots":{"index":"index","follow":"follow","max-snippet":"max-snippet:-1","max-image-preview":"max-image-preview:large","max-video-preview":"max-video-preview:-1"},"canonical":"https:\/\/fastcar-rentalcars.com\/en\/politicas-reserva-renta-autos-houston\/","og_locale":"en_US","og_type":"article","og_title":"Pol\u00edticas De Reserva De Autos En Houston Texas","og_description":"Reserva tu auto en Houston con Fastcar Rentalcars. Entrega en aeropuerto o domicilio y pol\u00edticas claras sin cargos ocultos.","og_url":"https:\/\/fastcar-rentalcars.com\/en\/politicas-reserva-renta-autos-houston\/","og_site_name":"FASTCAR","article_modified_time":"2026-03-25T15:53:45+00:00","twitter_card":"summary_large_image","twitter_title":"Pol\u00edticas De Reserva De Autos En Houston Texas","twitter_description":"Reserva tu auto en Houston con Fastcar Rentalcars. Entrega en aeropuerto o domicilio y pol\u00edticas claras sin cargos ocultos.","twitter_misc":{"Est. reading time":"3 minutes"},"schema":{"@context":"https:\/\/schema.org","@graph":[{"@type":"WebPage","@id":"https:\/\/fastcar-rentalcars.com\/politicas-reserva-renta-autos-houston\/","url":"https:\/\/fastcar-rentalcars.com\/politicas-reserva-renta-autos-houston\/","name":"Pol\u00edticas De Reserva Renta Autos Houston | Fastcar Rentalcars","isPartOf":{"@id":"https:\/\/fastcar-rentalcars.com\/#website"},"datePublished":"2026-03-23T21:18:49+00:00","dateModified":"2026-03-25T15:53:45+00:00","description":"Consulta las pol\u00edticas de reserva para renta de autos en Houston Texas, entrega en aeropuerto o domicilio y condiciones claras.","breadcrumb":{"@id":"https:\/\/fastcar-rentalcars.com\/politicas-reserva-renta-autos-houston\/#breadcrumb"},"inLanguage":"en-US","potentialAction":[{"@type":"ReadAction","target":["https:\/\/fastcar-rentalcars.com\/politicas-reserva-renta-autos-houston\/"]}]},{"@type":"BreadcrumbList","@id":"https:\/\/fastcar-rentalcars.com\/politicas-reserva-renta-autos-houston\/#breadcrumb","itemListElement":[{"@type":"ListItem","position":1,"name":"Portada","item":"https:\/\/fastcar-rentalcars.com\/"},{"@type":"ListItem","position":2,"name":"Pol\u00edticas de Reserva"}]},{"@type":"WebSite","@id":"https:\/\/fastcar-rentalcars.com\/#website","url":"https:\/\/fastcar-rentalcars.com\/","name":"FASTCAR","description":"Renta de autos en Houston TX | Car Rental Houston | FASTCAR","publisher":{"@id":"https:\/\/fastcar-rentalcars.com\/#organization"},"potentialAction":[{"@type":"SearchAction","target":{"@type":"EntryPoint","urlTemplate":"https:\/\/fastcar-rentalcars.com\/?s={search_term_string}"},"query-input":{"@type":"PropertyValueSpecification","valueRequired":true,"valueName":"search_term_string"}}],"inLanguage":"en-US"},{"@type":"Organization","@id":"https:\/\/fastcar-rentalcars.com\/#organization","name":"FASTCAR","url":"https:\/\/fastcar-rentalcars.com\/","logo":{"@type":"ImageObject","inLanguage":"en-US","@id":"https:\/\/fastcar-rentalcars.com\/#\/schema\/logo\/image\/","url":"https:\/\/fastcar-rentalcars.com\/wp-content\/uploads\/2026\/03\/Logo-FC-Negro-1-scaled.png","contentUrl":"https:\/\/fastcar-rentalcars.com\/wp-content\/uploads\/2026\/03\/Logo-FC-Negro-1-scaled.png","width":2560,"height":642,"caption":"FASTCAR"},"image":{"@id":"https:\/\/fastcar-rentalcars.com\/#\/schema\/logo\/image\/"}}]}},"_hostinger_reach_plugin_has_subscription_block":false,"_hostinger_reach_plugin_is_elementor":false,"_links":{"self":[{"href":"https:\/\/fastcar-rentalcars.com\/en\/wp-json\/wp\/v2\/pages\/142","targetHints":{"allow":["GET"]}}],"collection":[{"href":"https:\/\/fastcar-rentalcars.com\/en\/wp-json\/wp\/v2\/pages"}],"about":[{"href":"https:\/\/fastcar-rentalcars.com\/en\/wp-json\/wp\/v2\/types\/page"}],"author":[{"embeddable":true,"href":"https:\/\/fastcar-rentalcars.com\/en\/wp-json\/wp\/v2\/users\/1"}],"replies":[{"embeddable":true,"href":"https:\/\/fastcar-rentalcars.com\/en\/wp-json\/wp\/v2\/comments?post=142"}],"version-history":[{"count":4,"href":"https:\/\/fastcar-rentalcars.com\/en\/wp-json\/wp\/v2\/pages\/142\/revisions"}],"predecessor-version":[{"id":198,"href":"https:\/\/fastcar-rentalcars.com\/en\/wp-json\/wp\/v2\/pages\/142\/revisions\/198"}],"wp:attachment":[{"href":"https:\/\/fastcar-rentalcars.com\/en\/wp-json\/wp\/v2\/media?parent=142"}],"curies":[{"name":"wp","href":"https:\/\/api.w.org\/{rel}","templated":true}]}}