{"id":150,"date":"2026-03-23T21:21:18","date_gmt":"2026-03-23T21:21:18","guid":{"rendered":"https:\/\/fastcar-rentalcars.com\/?page_id=150"},"modified":"2026-03-25T23:18:33","modified_gmt":"2026-03-25T23:18:33","slug":"en-caso-accidente-renta-autos-houston","status":"publish","type":"page","link":"https:\/\/fastcar-rentalcars.com\/en\/en-caso-accidente-renta-autos-houston\/","title":{"rendered":"In Case Of An Accident"},"content":{"rendered":"<div data-elementor-type=\"wp-page\" data-elementor-id=\"150\" class=\"elementor elementor-150\">\n\t\t\t\t<div data-aos=\"fade-up\" class=\"hostinger-elementor-aos elementor-element elementor-element-d29439b e-flex e-con-boxed e-con e-parent\" data-id=\"d29439b\" data-element_type=\"container\" data-e-type=\"container\">\n\t\t\t\t\t<div class=\"e-con-inner\">\n\t\t\t\t<div class=\"elementor-element elementor-element-4b05dc3 elementor-widget elementor-widget-heading\" data-id=\"4b05dc3\" data-element_type=\"widget\" data-e-type=\"widget\" data-widget_type=\"heading.default\">\n\t\t\t\t<div class=\"elementor-widget-container\">\n\t\t\t\t\t<h1 class=\"elementor-heading-title elementor-size-default\">Car Rental Accident in Houston: What To Do Step By Step<\/h1>\t\t\t\t<\/div>\n\t\t\t\t<\/div>\n\t\t\t\t<div class=\"elementor-element elementor-element-35bce8f elementor-widget elementor-widget-text-editor\" data-id=\"35bce8f\" data-element_type=\"widget\" data-e-type=\"widget\" data-widget_type=\"text-editor.default\">\n\t\t\t\t<div class=\"elementor-widget-container\">\n\t\t\t\t\t\t\t\t\t<p>If you have an accident with a rental car in Houston, it is important to follow a clear procedure to avoid legal and financial issues. This guide explains what to do in case of an accident during your car rental in Houston, Texas.<\/p>\t\t\t\t\t\t\t\t<\/div>\n\t\t\t\t<\/div>\n\t\t\t\t\t<\/div>\n\t\t\t\t<\/div>\n\t\t<div data-aos=\"fade-up\" class=\"hostinger-elementor-aos elementor-element elementor-element-7ed4889 e-flex e-con-boxed e-con e-parent\" data-id=\"7ed4889\" data-element_type=\"container\" data-e-type=\"container\">\n\t\t\t\t\t<div class=\"e-con-inner\">\n\t\t\t\t<div class=\"elementor-element elementor-element-6cb33db elementor-widget elementor-widget-heading\" data-id=\"6cb33db\" data-element_type=\"widget\" data-e-type=\"widget\" data-widget_type=\"heading.default\">\n\t\t\t\t<div class=\"elementor-widget-container\">\n\t\t\t\t\t<h2 class=\"elementor-heading-title elementor-size-default\">What To Do In Case Of a Car Rental Accident in Houston<\/h2>\t\t\t\t<\/div>\n\t\t\t\t<\/div>\n\t\t\t\t<div class=\"elementor-element elementor-element-f6e22e3 elementor-widget elementor-widget-text-editor\" data-id=\"f6e22e3\" data-element_type=\"widget\" data-e-type=\"widget\" data-widget_type=\"text-editor.default\">\n\t\t\t\t<div class=\"elementor-widget-container\">\n\t\t\t\t\t\t\t\t\t<ol><li data-section-id=\"1eepwxx\" data-start=\"1213\" data-end=\"1253\"><strong>Stay calm and stop the vehicle<\/strong><\/li><li data-section-id=\"maf0t0\" data-start=\"1254\" data-end=\"1294\"><strong>Check for injuries<\/strong><\/li><li data-section-id=\"1nx2kyo\" data-start=\"1295\" data-end=\"1327\"><strong>Call 911 immediately<\/strong><\/li><li data-section-id=\"1cyk8gb\" data-start=\"1328\" data-end=\"1357\"><strong>Do not leave the vehicle<\/strong><\/li><li data-section-id=\"610x5c\" data-start=\"1358\" data-end=\"1389\"><strong>Do not admit fault<\/strong><\/li><\/ol>\t\t\t\t\t\t\t\t<\/div>\n\t\t\t\t<\/div>\n\t\t\t\t\t<\/div>\n\t\t\t\t<\/div>\n\t\t<div data-aos=\"fade-up\" class=\"hostinger-elementor-aos elementor-element elementor-element-f0be001 e-flex e-con-boxed e-con e-parent\" data-id=\"f0be001\" data-element_type=\"container\" data-e-type=\"container\">\n\t\t\t\t\t<div class=\"e-con-inner\">\n\t\t\t\t<div class=\"elementor-element elementor-element-d0e98e4 elementor-widget elementor-widget-heading\" data-id=\"d0e98e4\" data-element_type=\"widget\" data-e-type=\"widget\" data-widget_type=\"heading.default\">\n\t\t\t\t<div class=\"elementor-widget-container\">\n\t\t\t\t\t<h2 class=\"elementor-heading-title elementor-size-default\">Contact Fastcar Rental Cars After The Accident<\/h2>\t\t\t\t<\/div>\n\t\t\t\t<\/div>\n\t\t\t\t<div class=\"elementor-element elementor-element-e96b05d elementor-widget elementor-widget-text-editor\" data-id=\"e96b05d\" data-element_type=\"widget\" data-e-type=\"widget\" data-widget_type=\"text-editor.default\">\n\t\t\t\t<div class=\"elementor-widget-container\">\n\t\t\t\t\t\t\t\t\t<p data-start=\"1455\" data-end=\"1613\">After any car rental accident in Houston, you must notify the company immediately. This allows safety and assistance protocols to be activated.<\/p><p data-start=\"1615\" data-end=\"1627\">Provide:<\/p><ul data-start=\"1628\" data-end=\"1727\"><li data-section-id=\"si5248\" data-start=\"1628\" data-end=\"1655\">Accident location<\/li><li data-section-id=\"obiuw7\" data-start=\"1656\" data-end=\"1678\">Photos of the vehicle<\/li><li data-section-id=\"ah1rqy\" data-start=\"1679\" data-end=\"1706\">Third-party information<\/li><li data-section-id=\"spty3i\" data-start=\"1707\" data-end=\"1727\">Police report<\/li><\/ul>\t\t\t\t\t\t\t\t<\/div>\n\t\t\t\t<\/div>\n\t\t\t\t\t<\/div>\n\t\t\t\t<\/div>\n\t\t<div data-aos=\"fade-up\" class=\"hostinger-elementor-aos elementor-element elementor-element-55a00e3 e-flex e-con-boxed e-con e-parent\" data-id=\"55a00e3\" data-element_type=\"container\" data-e-type=\"container\">\n\t\t\t\t\t<div class=\"e-con-inner\">\n\t\t\t\t<div class=\"elementor-element elementor-element-c1a0090 elementor-widget elementor-widget-heading\" data-id=\"c1a0090\" data-element_type=\"widget\" data-e-type=\"widget\" data-widget_type=\"heading.default\">\n\t\t\t\t<div class=\"elementor-widget-container\">\n\t\t\t\t\t<h2 class=\"elementor-heading-title elementor-size-default\">Take Photos Of The Accident<\/h2>\t\t\t\t<\/div>\n\t\t\t\t<\/div>\n\t\t\t\t<div class=\"elementor-element elementor-element-cf50fd3 elementor-widget elementor-widget-text-editor\" data-id=\"cf50fd3\" data-element_type=\"widget\" data-e-type=\"widget\" data-widget_type=\"text-editor.default\">\n\t\t\t\t<div class=\"elementor-widget-container\">\n\t\t\t\t\t\t\t\t\t<p data-start=\"1772\" data-end=\"1800\">You should take clear photos of:<\/p><ul data-start=\"1802\" data-end=\"1931\"><li data-section-id=\"uoxgsu\" data-start=\"1802\" data-end=\"1824\">Vehicle damage<\/li><li data-section-id=\"tnacsl\" data-start=\"1825\" data-end=\"1848\">License plates involved<\/li><li data-section-id=\"8wogm6\" data-start=\"1849\" data-end=\"1872\">Accident location<\/li><li data-section-id=\"1wq8tul\" data-start=\"1873\" data-end=\"1896\">Traffic signs<\/li><li data-section-id=\"11argma\" data-start=\"1897\" data-end=\"1931\">Third-party driver\u2019s license<\/li><\/ul><p data-start=\"1933\" data-end=\"1977\">This will help determine responsibility.<\/p>\t\t\t\t\t\t\t\t<\/div>\n\t\t\t\t<\/div>\n\t\t\t\t\t<\/div>\n\t\t\t\t<\/div>\n\t\t<div data-aos=\"fade-up\" class=\"hostinger-elementor-aos elementor-element elementor-element-b14fb3a e-flex e-con-boxed e-con e-parent\" data-id=\"b14fb3a\" data-element_type=\"container\" data-e-type=\"container\">\n\t\t\t\t\t<div class=\"e-con-inner\">\n\t\t\t\t<div class=\"elementor-element elementor-element-6b4b12b elementor-widget elementor-widget-heading\" data-id=\"6b4b12b\" data-element_type=\"widget\" data-e-type=\"widget\" data-widget_type=\"heading.default\">\n\t\t\t\t<div class=\"elementor-widget-container\">\n\t\t\t\t\t<h2 class=\"elementor-heading-title elementor-size-default\">Police Report in Houston, Texas<\/h2>\t\t\t\t<\/div>\n\t\t\t\t<\/div>\n\t\t\t\t<div class=\"elementor-element elementor-element-a6f98b8 elementor-widget elementor-widget-text-editor\" data-id=\"a6f98b8\" data-element_type=\"widget\" data-e-type=\"widget\" data-widget_type=\"text-editor.default\">\n\t\t\t\t<div class=\"elementor-widget-container\">\n\t\t\t\t\t\t\t\t\t<p data-start=\"2024\" data-end=\"2179\">It is mandatory to obtain a police report in the event of a car rental accident in Houston, Texas. The report protects both the customer and the company.<\/p><p data-start=\"2181\" data-end=\"2231\">You can call 911 or request local assistance.<\/p>\t\t\t\t\t\t\t\t<\/div>\n\t\t\t\t<\/div>\n\t\t\t\t\t<\/div>\n\t\t\t\t<\/div>\n\t\t<div data-aos=\"fade-up\" class=\"hostinger-elementor-aos elementor-element elementor-element-6970251 e-flex e-con-boxed e-con e-parent\" data-id=\"6970251\" data-element_type=\"container\" data-e-type=\"container\">\n\t\t\t\t\t<div class=\"e-con-inner\">\n\t\t\t\t<div class=\"elementor-element elementor-element-c905bf5 elementor-widget elementor-widget-heading\" data-id=\"c905bf5\" data-element_type=\"widget\" data-e-type=\"widget\" data-widget_type=\"heading.default\">\n\t\t\t\t<div class=\"elementor-widget-container\">\n\t\t\t\t\t<h2 class=\"elementor-heading-title elementor-size-default\">Customer Responsibility in Case of an Accident<\/h2>\t\t\t\t<\/div>\n\t\t\t\t<\/div>\n\t\t\t\t<div class=\"elementor-element elementor-element-2566ad7 elementor-widget elementor-widget-text-editor\" data-id=\"2566ad7\" data-element_type=\"widget\" data-e-type=\"widget\" data-widget_type=\"text-editor.default\">\n\t\t\t\t<div class=\"elementor-widget-container\">\n\t\t\t\t\t\t\t\t\t<p data-start=\"2293\" data-end=\"2440\">The customer is responsible for the vehicle from the time of pickup until return. Depending on the insurance selected, this responsibility may be reduced.<\/p><p data-start=\"2442\" data-end=\"2473\">The customer will be responsible if:<\/p><ul data-start=\"2475\" data-end=\"2587\"><li data-section-id=\"nyfg0p\" data-start=\"2475\" data-end=\"2502\">The accident is not reported<\/li><li data-section-id=\"rsqfvn\" data-start=\"2503\" data-end=\"2530\">Driving under the influence<\/li><li data-section-id=\"1e7ht8b\" data-start=\"2531\" data-end=\"2562\">Allowing unauthorized drivers<\/li><li data-section-id=\"otb7nu\" data-start=\"2563\" data-end=\"2587\">Abandoning the vehicle<\/li><\/ul>\t\t\t\t\t\t\t\t<\/div>\n\t\t\t\t<\/div>\n\t\t\t\t\t<\/div>\n\t\t\t\t<\/div>\n\t\t<div data-aos=\"fade-up\" class=\"hostinger-elementor-aos elementor-element elementor-element-fa3e948 e-flex e-con-boxed e-con e-parent\" data-id=\"fa3e948\" data-element_type=\"container\" data-e-type=\"container\">\n\t\t\t\t\t<div class=\"e-con-inner\">\n\t\t\t\t<div class=\"elementor-element elementor-element-7e9f674 elementor-widget elementor-widget-heading\" data-id=\"7e9f674\" data-element_type=\"widget\" data-e-type=\"widget\" data-widget_type=\"heading.default\">\n\t\t\t\t<div class=\"elementor-widget-container\">\n\t\t\t\t\t<h2 class=\"elementor-heading-title elementor-size-default\">What Not To Do After An Accident<\/h2>\t\t\t\t<\/div>\n\t\t\t\t<\/div>\n\t\t\t\t<div class=\"elementor-element elementor-element-008e490 elementor-widget elementor-widget-text-editor\" data-id=\"008e490\" data-element_type=\"widget\" data-e-type=\"widget\" data-widget_type=\"text-editor.default\">\n\t\t\t\t<div class=\"elementor-widget-container\">\n\t\t\t\t\t\t\t\t\t<p>Do not move the vehicle without authorization<br data-start=\"2680\" data-end=\"2683\" \/>Do not negotiate cash payments<br data-start=\"2713\" data-end=\"2716\" \/>Do not admit fault<br data-start=\"2742\" data-end=\"2745\" \/>Do not leave the scene<\/p>\t\t\t\t\t\t\t\t<\/div>\n\t\t\t\t<\/div>\n\t\t\t\t\t<\/div>\n\t\t\t\t<\/div>\n\t\t<div data-aos=\"fade-up\" class=\"hostinger-elementor-aos elementor-element elementor-element-942997c e-flex e-con-boxed e-con e-parent\" data-id=\"942997c\" data-element_type=\"container\" data-e-type=\"container\">\n\t\t\t\t\t<div class=\"e-con-inner\">\n\t\t\t\t<div class=\"elementor-element elementor-element-b77116b elementor-widget elementor-widget-heading\" data-id=\"b77116b\" data-element_type=\"widget\" data-e-type=\"widget\" data-widget_type=\"heading.default\">\n\t\t\t\t<div class=\"elementor-widget-container\">\n\t\t\t\t\t<h2 class=\"elementor-heading-title elementor-size-default\">Insurance Use In Case Of An Accident<\/h2>\t\t\t\t<\/div>\n\t\t\t\t<\/div>\n\t\t\t\t<div class=\"elementor-element elementor-element-d0a2ed6 elementor-widget elementor-widget-text-editor\" data-id=\"d0a2ed6\" data-element_type=\"widget\" data-e-type=\"widget\" data-widget_type=\"text-editor.default\">\n\t\t\t\t<div class=\"elementor-widget-container\">\n\t\t\t\t\t\t\t\t\t<p data-start=\"2817\" data-end=\"2849\">Depending on the selected plan:<\/p><p data-start=\"2851\" data-end=\"2957\"><strong>Silver Plan:<\/strong> Partial coverage<br data-start=\"2880\" data-end=\"2883\" \/><strong>Gold Plan:<\/strong> Extended coverage<br data-start=\"2911\" data-end=\"2914\" \/><strong>Platinum Plan:<\/strong>Liability coverage only<\/p><p data-start=\"2959\" data-end=\"3020\">Damage to the vehicle may be the customer\u2019s responsibility.<\/p>\t\t\t\t\t\t\t\t<\/div>\n\t\t\t\t<\/div>\n\t\t\t\t\t<\/div>\n\t\t\t\t<\/div>\n\t\t<div data-aos=\"fade-up\" class=\"hostinger-elementor-aos elementor-element elementor-element-f53ebb5 e-flex e-con-boxed e-con e-parent\" data-id=\"f53ebb5\" data-element_type=\"container\" data-e-type=\"container\">\n\t\t\t\t\t<div class=\"e-con-inner\">\n\t\t\t\t<div class=\"elementor-element elementor-element-ff66e1b elementor-widget elementor-widget-heading\" data-id=\"ff66e1b\" data-element_type=\"widget\" data-e-type=\"widget\" data-widget_type=\"heading.default\">\n\t\t\t\t<div class=\"elementor-widget-container\">\n\t\t\t\t\t<h2 class=\"elementor-heading-title elementor-size-default\">Vehicle recovery<\/h2>\t\t\t\t<\/div>\n\t\t\t\t<\/div>\n\t\t\t\t<div class=\"elementor-element elementor-element-1e291bd elementor-widget elementor-widget-text-editor\" data-id=\"1e291bd\" data-element_type=\"widget\" data-e-type=\"widget\" data-widget_type=\"text-editor.default\">\n\t\t\t\t<div class=\"elementor-widget-container\">\n\t\t\t\t\t\t\t\t\t<p>The company may recover the vehicle after an accident for evaluation. The customer must cooperate with the return of the vehicle.<\/p>\t\t\t\t\t\t\t\t<\/div>\n\t\t\t\t<\/div>\n\t\t\t\t\t<\/div>\n\t\t\t\t<\/div>\n\t\t\t\t<\/div>","protected":false},"excerpt":{"rendered":"<p>Accidente Renta Autos Houston: Qu\u00e9 Hacer Paso A Paso Si tienes un accidente con un veh\u00edculo de renta de autos en Houston, es importante seguir un procedimiento claro para evitar problemas legales y financieros. Esta gu\u00eda explica qu\u00e9 hacer en caso de accidente durante tu renta de autos en Houston Texas. Qu\u00e9 Hacer En Caso [&hellip;]<\/p>\n","protected":false},"author":1,"featured_media":0,"parent":0,"menu_order":0,"comment_status":"closed","ping_status":"closed","template":"","meta":{"footnotes":""},"class_list":["post-150","page","type-page","status-publish","hentry"],"yoast_head":"<!-- This site is optimized with the Yoast SEO plugin v27.2 - https:\/\/yoast.com\/product\/yoast-seo-wordpress\/ -->\n<title>Accidente Renta Autos Houston | Qu\u00e9 Hacer Paso A Paso<\/title>\n<meta name=\"description\" content=\"Qu\u00e9 hacer en caso de accidente con renta de autos en Houston. Procedimiento, responsabilidades y contacto inmediato.\" \/>\n<meta name=\"robots\" content=\"index, follow, max-snippet:-1, max-image-preview:large, max-video-preview:-1\" \/>\n<link rel=\"canonical\" href=\"https:\/\/fastcar-rentalcars.com\/en\/en-caso-accidente-renta-autos-houston\/\" \/>\n<meta property=\"og:locale\" content=\"en_US\" \/>\n<meta property=\"og:type\" content=\"article\" \/>\n<meta property=\"og:title\" content=\"Accidente Renta Autos Houston Texas\" \/>\n<meta property=\"og:description\" content=\"Gu\u00eda clara sobre qu\u00e9 hacer en caso de accidente con un auto rentado en Houston Texas.\" \/>\n<meta property=\"og:url\" content=\"https:\/\/fastcar-rentalcars.com\/en\/en-caso-accidente-renta-autos-houston\/\" \/>\n<meta property=\"og:site_name\" content=\"FASTCAR\" \/>\n<meta property=\"article:modified_time\" content=\"2026-03-25T23:18:33+00:00\" \/>\n<meta name=\"twitter:card\" content=\"summary_large_image\" \/>\n<meta name=\"twitter:title\" content=\"Accidente Renta Autos Houston Texas\" \/>\n<meta name=\"twitter:description\" content=\"Gu\u00eda clara sobre qu\u00e9 hacer en caso de accidente con un auto rentado en Houston Texas.\" \/>\n<meta name=\"twitter:label1\" content=\"Est. reading time\" \/>\n\t<meta name=\"twitter:data1\" content=\"2 minutes\" \/>\n<script type=\"application\/ld+json\" class=\"yoast-schema-graph\">{\"@context\":\"https:\/\/schema.org\",\"@graph\":[{\"@type\":\"WebPage\",\"@id\":\"https:\/\/fastcar-rentalcars.com\/en-caso-accidente-renta-autos-houston\/\",\"url\":\"https:\/\/fastcar-rentalcars.com\/en-caso-accidente-renta-autos-houston\/\",\"name\":\"Accidente Renta Autos Houston | Qu\u00e9 Hacer Paso A Paso\",\"isPartOf\":{\"@id\":\"https:\/\/fastcar-rentalcars.com\/#website\"},\"datePublished\":\"2026-03-23T21:21:18+00:00\",\"dateModified\":\"2026-03-25T23:18:33+00:00\",\"description\":\"Qu\u00e9 hacer en caso de accidente con renta de autos en Houston. Procedimiento, responsabilidades y contacto inmediato.\",\"breadcrumb\":{\"@id\":\"https:\/\/fastcar-rentalcars.com\/en-caso-accidente-renta-autos-houston\/#breadcrumb\"},\"inLanguage\":\"en-US\",\"potentialAction\":[{\"@type\":\"ReadAction\",\"target\":[\"https:\/\/fastcar-rentalcars.com\/en-caso-accidente-renta-autos-houston\/\"]}]},{\"@type\":\"BreadcrumbList\",\"@id\":\"https:\/\/fastcar-rentalcars.com\/en-caso-accidente-renta-autos-houston\/#breadcrumb\",\"itemListElement\":[{\"@type\":\"ListItem\",\"position\":1,\"name\":\"Portada\",\"item\":\"https:\/\/fastcar-rentalcars.com\/\"},{\"@type\":\"ListItem\",\"position\":2,\"name\":\"En caso de Accidente\"}]},{\"@type\":\"WebSite\",\"@id\":\"https:\/\/fastcar-rentalcars.com\/#website\",\"url\":\"https:\/\/fastcar-rentalcars.com\/\",\"name\":\"FASTCAR\",\"description\":\"Renta de autos en Houston TX | Car Rental Houston | FASTCAR\",\"publisher\":{\"@id\":\"https:\/\/fastcar-rentalcars.com\/#organization\"},\"potentialAction\":[{\"@type\":\"SearchAction\",\"target\":{\"@type\":\"EntryPoint\",\"urlTemplate\":\"https:\/\/fastcar-rentalcars.com\/?s={search_term_string}\"},\"query-input\":{\"@type\":\"PropertyValueSpecification\",\"valueRequired\":true,\"valueName\":\"search_term_string\"}}],\"inLanguage\":\"en-US\"},{\"@type\":\"Organization\",\"@id\":\"https:\/\/fastcar-rentalcars.com\/#organization\",\"name\":\"FASTCAR\",\"url\":\"https:\/\/fastcar-rentalcars.com\/\",\"logo\":{\"@type\":\"ImageObject\",\"inLanguage\":\"en-US\",\"@id\":\"https:\/\/fastcar-rentalcars.com\/#\/schema\/logo\/image\/\",\"url\":\"https:\/\/fastcar-rentalcars.com\/wp-content\/uploads\/2026\/03\/Logo-FC-Negro-1-scaled.png\",\"contentUrl\":\"https:\/\/fastcar-rentalcars.com\/wp-content\/uploads\/2026\/03\/Logo-FC-Negro-1-scaled.png\",\"width\":2560,\"height\":642,\"caption\":\"FASTCAR\"},\"image\":{\"@id\":\"https:\/\/fastcar-rentalcars.com\/#\/schema\/logo\/image\/\"}}]}<\/script>\n<!-- \/ Yoast SEO plugin. -->","yoast_head_json":{"title":"Accidente Renta Autos Houston | Qu\u00e9 Hacer Paso A Paso","description":"Qu\u00e9 hacer en caso de accidente con renta de autos en Houston. Procedimiento, responsabilidades y contacto inmediato.","robots":{"index":"index","follow":"follow","max-snippet":"max-snippet:-1","max-image-preview":"max-image-preview:large","max-video-preview":"max-video-preview:-1"},"canonical":"https:\/\/fastcar-rentalcars.com\/en\/en-caso-accidente-renta-autos-houston\/","og_locale":"en_US","og_type":"article","og_title":"Accidente Renta Autos Houston Texas","og_description":"Gu\u00eda clara sobre qu\u00e9 hacer en caso de accidente con un auto rentado en Houston Texas.","og_url":"https:\/\/fastcar-rentalcars.com\/en\/en-caso-accidente-renta-autos-houston\/","og_site_name":"FASTCAR","article_modified_time":"2026-03-25T23:18:33+00:00","twitter_card":"summary_large_image","twitter_title":"Accidente Renta Autos Houston Texas","twitter_description":"Gu\u00eda clara sobre qu\u00e9 hacer en caso de accidente con un auto rentado en Houston Texas.","twitter_misc":{"Est. reading time":"2 minutes"},"schema":{"@context":"https:\/\/schema.org","@graph":[{"@type":"WebPage","@id":"https:\/\/fastcar-rentalcars.com\/en-caso-accidente-renta-autos-houston\/","url":"https:\/\/fastcar-rentalcars.com\/en-caso-accidente-renta-autos-houston\/","name":"Accidente Renta Autos Houston | Qu\u00e9 Hacer Paso A Paso","isPartOf":{"@id":"https:\/\/fastcar-rentalcars.com\/#website"},"datePublished":"2026-03-23T21:21:18+00:00","dateModified":"2026-03-25T23:18:33+00:00","description":"Qu\u00e9 hacer en caso de accidente con renta de autos en Houston. Procedimiento, responsabilidades y contacto inmediato.","breadcrumb":{"@id":"https:\/\/fastcar-rentalcars.com\/en-caso-accidente-renta-autos-houston\/#breadcrumb"},"inLanguage":"en-US","potentialAction":[{"@type":"ReadAction","target":["https:\/\/fastcar-rentalcars.com\/en-caso-accidente-renta-autos-houston\/"]}]},{"@type":"BreadcrumbList","@id":"https:\/\/fastcar-rentalcars.com\/en-caso-accidente-renta-autos-houston\/#breadcrumb","itemListElement":[{"@type":"ListItem","position":1,"name":"Portada","item":"https:\/\/fastcar-rentalcars.com\/"},{"@type":"ListItem","position":2,"name":"En caso de Accidente"}]},{"@type":"WebSite","@id":"https:\/\/fastcar-rentalcars.com\/#website","url":"https:\/\/fastcar-rentalcars.com\/","name":"FASTCAR","description":"Renta de autos en Houston TX | Car Rental Houston | FASTCAR","publisher":{"@id":"https:\/\/fastcar-rentalcars.com\/#organization"},"potentialAction":[{"@type":"SearchAction","target":{"@type":"EntryPoint","urlTemplate":"https:\/\/fastcar-rentalcars.com\/?s={search_term_string}"},"query-input":{"@type":"PropertyValueSpecification","valueRequired":true,"valueName":"search_term_string"}}],"inLanguage":"en-US"},{"@type":"Organization","@id":"https:\/\/fastcar-rentalcars.com\/#organization","name":"FASTCAR","url":"https:\/\/fastcar-rentalcars.com\/","logo":{"@type":"ImageObject","inLanguage":"en-US","@id":"https:\/\/fastcar-rentalcars.com\/#\/schema\/logo\/image\/","url":"https:\/\/fastcar-rentalcars.com\/wp-content\/uploads\/2026\/03\/Logo-FC-Negro-1-scaled.png","contentUrl":"https:\/\/fastcar-rentalcars.com\/wp-content\/uploads\/2026\/03\/Logo-FC-Negro-1-scaled.png","width":2560,"height":642,"caption":"FASTCAR"},"image":{"@id":"https:\/\/fastcar-rentalcars.com\/#\/schema\/logo\/image\/"}}]}},"_hostinger_reach_plugin_has_subscription_block":false,"_hostinger_reach_plugin_is_elementor":false,"_links":{"self":[{"href":"https:\/\/fastcar-rentalcars.com\/en\/wp-json\/wp\/v2\/pages\/150","targetHints":{"allow":["GET"]}}],"collection":[{"href":"https:\/\/fastcar-rentalcars.com\/en\/wp-json\/wp\/v2\/pages"}],"about":[{"href":"https:\/\/fastcar-rentalcars.com\/en\/wp-json\/wp\/v2\/types\/page"}],"author":[{"embeddable":true,"href":"https:\/\/fastcar-rentalcars.com\/en\/wp-json\/wp\/v2\/users\/1"}],"replies":[{"embeddable":true,"href":"https:\/\/fastcar-rentalcars.com\/en\/wp-json\/wp\/v2\/comments?post=150"}],"version-history":[{"count":4,"href":"https:\/\/fastcar-rentalcars.com\/en\/wp-json\/wp\/v2\/pages\/150\/revisions"}],"predecessor-version":[{"id":222,"href":"https:\/\/fastcar-rentalcars.com\/en\/wp-json\/wp\/v2\/pages\/150\/revisions\/222"}],"wp:attachment":[{"href":"https:\/\/fastcar-rentalcars.com\/en\/wp-json\/wp\/v2\/media?parent=150"}],"curies":[{"name":"wp","href":"https:\/\/api.w.org\/{rel}","templated":true}]}}