{"id":8,"date":"2026-03-17T03:10:38","date_gmt":"2026-03-17T03:10:38","guid":{"rendered":"https:\/\/fastcar-rentalcars.com\/flota-de-vehiculos\/"},"modified":"2026-03-19T22:53:58","modified_gmt":"2026-03-19T22:53:58","slug":"vehiculos","status":"publish","type":"page","link":"https:\/\/fastcar-rentalcars.com\/en\/vehiculos\/","title":{"rendered":"Vehicles"},"content":{"rendered":"<div data-elementor-type=\"wp-page\" data-elementor-id=\"8\" class=\"elementor elementor-8\">\n\t\t\t\t<div data-aos=\"fade-up\" class=\"hostinger-elementor-aos elementor-element elementor-element-3168083 e-flex e-con-boxed e-con e-parent\" data-id=\"3168083\" data-element_type=\"container\" data-e-type=\"container\">\n\t\t\t\t\t<div class=\"e-con-inner\">\n\t\t<div data-aos=\"fade-up\" class=\"hostinger-elementor-aos elementor-element elementor-element-4a928a1 e-con-full e-flex e-con e-child\" data-id=\"4a928a1\" data-element_type=\"container\" data-e-type=\"container\">\n\t\t\t\t<div class=\"elementor-element elementor-element-df13938 hostinger-ai-title elementor-widget elementor-widget-heading\" data-id=\"df13938\" data-element_type=\"widget\" data-e-type=\"widget\" data-widget_type=\"heading.default\">\n\t\t\t\t<div class=\"elementor-widget-container\">\n\t\t\t\t\t<h2 class=\"elementor-heading-title elementor-size-default\">Our Fleet<\/h2>\t\t\t\t<\/div>\n\t\t\t\t<\/div>\n\t\t\t\t<div class=\"elementor-element elementor-element-613cd71 hostinger-ai-description elementor-widget elementor-widget-heading\" data-id=\"613cd71\" data-element_type=\"widget\" data-e-type=\"widget\" data-widget_type=\"heading.default\">\n\t\t\t\t<div class=\"elementor-widget-container\">\n\t\t\t\t\t<p class=\"elementor-heading-title elementor-size-default\">Modern And Affordable Vehicles For Your Next Adventure With Car Rental In Houston<\/p>\t\t\t\t<\/div>\n\t\t\t\t<\/div>\n\t\t\t\t<div class=\"elementor-element elementor-element-0b3fe90 elementor-widget elementor-widget-shortcode\" data-id=\"0b3fe90\" data-element_type=\"widget\" data-e-type=\"widget\" data-widget_type=\"shortcode.default\">\n\t\t\t\t<div class=\"elementor-widget-container\">\n\t\t\t\t\t\t\t<div class=\"elementor-shortcode\"><div class=\"vectis-error\">The route api\/v1\/vehicles could not be found.<\/div><\/div>\n\t\t\t\t\t\t<\/div>\n\t\t\t\t<\/div>\n\t\t\t\t<\/div>\n\t\t\t\t\t<\/div>\n\t\t\t\t<\/div>\n\t\t<div data-aos=\"fade-up\" class=\"hostinger-elementor-aos elementor-element elementor-element-d1fbb62 e-flex e-con-boxed e-con e-parent\" data-id=\"d1fbb62\" data-element_type=\"container\" data-e-type=\"container\">\n\t\t\t\t\t<div class=\"e-con-inner\">\n\t\t<div data-aos=\"fade-up\" class=\"hostinger-elementor-aos elementor-element elementor-element-8e8ba73 e-con-full e-flex e-con e-child\" data-id=\"8e8ba73\" data-element_type=\"container\" data-e-type=\"container\">\n\t\t\t\t<div class=\"elementor-element elementor-element-b092fdf hostinger-ai-title elementor-widget elementor-widget-heading\" data-id=\"b092fdf\" data-element_type=\"widget\" data-e-type=\"widget\" data-widget_type=\"heading.default\">\n\t\t\t\t<div class=\"elementor-widget-container\">\n\t\t\t\t\t<h2 class=\"elementor-heading-title elementor-size-default\">Car Rental In Houston Texas \u2013 Available Vehicles<\/h2>\t\t\t\t<\/div>\n\t\t\t\t<\/div>\n\t\t\t\t<div class=\"elementor-element elementor-element-1290680 elementor-widget elementor-widget-text-editor\" data-id=\"1290680\" data-element_type=\"widget\" data-e-type=\"widget\" data-widget_type=\"text-editor.default\">\n\t\t\t\t<div class=\"elementor-widget-container\">\n\t\t\t\t\t\t\t\t\t<p>At Fastcar Rental Cars, we offer <strong data-start=\"310\" data-end=\"345\">car rental in Houston, Texas<\/strong> with a wide variety of vehicles for every need.<br data-start=\"403\" data-end=\"406\" \/>If you're looking for <strong data-start=\"416\" data-end=\"438\">car rental in Houston<\/strong>, <strong data-start=\"440\" data-end=\"472\">rental cars in Houston<\/strong> or <strong data-start=\"475\" data-end=\"503\">to rent a car in Houston, Texas<\/strong>, you'll find economy, family, and premium options with immediate availability.<\/p>\t\t\t\t\t\t\t\t<\/div>\n\t\t\t\t<\/div>\n\t\t\t\t<\/div>\n\t\t<div data-aos=\"fade-up\" class=\"hostinger-elementor-aos elementor-element elementor-element-e881ca1 e-con-full e-grid e-con e-child\" data-id=\"e881ca1\" data-element_type=\"container\" data-e-type=\"container\">\n\t\t<div data-aos=\"fade-up\" class=\"hostinger-elementor-aos elementor-element elementor-element-69fdf7a e-con-full e-flex e-con e-child\" data-id=\"69fdf7a\" data-element_type=\"container\" data-e-type=\"container\">\n\t\t\t\t<div class=\"elementor-element elementor-element-1c0d911 hostinger-ai-project-image elementor-widget elementor-widget-image\" data-id=\"1c0d911\" data-element_type=\"widget\" data-e-type=\"widget\" data-widget_type=\"image.default\">\n\t\t\t\t<div class=\"elementor-widget-container\">\n\t\t\t\t\t\t\t\t\t\t\t\t\t\t\t<img decoding=\"async\" src=\"https:\/\/fastcar-rentalcars.com\/wp-content\/uploads\/2026\/03\/renta-autos-houston-aeropuerto-entrega-maletas.webp.jpg\" title=\"\" alt=\"\" loading=\"lazy\" \/>\t\t\t\t\t\t\t\t\t\t\t\t\t\t\t<\/div>\n\t\t\t\t<\/div>\n\t\t\t\t<div class=\"elementor-element elementor-element-b670b29 hostinger-ai-project-title hostinger-ai-font-bold elementor-widget elementor-widget-heading\" data-id=\"b670b29\" data-element_type=\"widget\" data-e-type=\"widget\" data-widget_type=\"heading.default\">\n\t\t\t\t<div class=\"elementor-widget-container\">\n\t\t\t\t\t<p class=\"elementor-heading-title elementor-size-default\">Ford Explorer<\/p>\t\t\t\t<\/div>\n\t\t\t\t<\/div>\n\t\t\t\t<div class=\"elementor-element elementor-element-05530be hostinger-ai-project-description elementor-widget elementor-widget-text-editor\" data-id=\"05530be\" data-element_type=\"widget\" data-e-type=\"widget\" data-widget_type=\"text-editor.default\">\n\t\t\t\t<div class=\"elementor-widget-container\">\n\t\t\t\t\t\t\t\t\t<p data-start=\"635\" data-end=\"750\">The Ford Explorer is ideal for those looking for <strong data-start=\"681\" data-end=\"714\">an SUV rental in Houston, Texas<\/strong> with space, comfort, and safety.<\/p><p style=\"text-align: left;\" data-start=\"752\" data-end=\"852\">\u2714 Perfect for family trips<br data-start=\"776\" data-end=\"779\" \/>\u2714 Spacious seating for passengers<br data-start=\"810\" data-end=\"813\" \/>\u2714 Ideal for long trips in Houston<\/p><p data-start=\"752\" data-end=\"852\">\u00a0<\/p>\t\t\t\t\t\t\t\t<\/div>\n\t\t\t\t<\/div>\n\t\t\t\t<\/div>\n\t\t<div data-aos=\"fade-up\" class=\"hostinger-elementor-aos elementor-element elementor-element-34c1c46 e-con-full e-flex e-con e-child\" data-id=\"34c1c46\" data-element_type=\"container\" data-e-type=\"container\">\n\t\t\t\t<div class=\"elementor-element elementor-element-0a265e5 hostinger-ai-project-image elementor-widget elementor-widget-image\" data-id=\"0a265e5\" data-element_type=\"widget\" data-e-type=\"widget\" data-widget_type=\"image.default\">\n\t\t\t\t<div class=\"elementor-widget-container\">\n\t\t\t\t\t\t\t\t\t\t\t\t\t\t\t<img decoding=\"async\" src=\"https:\/\/fastcar-rentalcars.com\/wp-content\/uploads\/2026\/03\/dodge-ram-1500-blanca-houston-renta-camioneta.webp.jpg\" title=\"\" alt=\"\" loading=\"lazy\" \/>\t\t\t\t\t\t\t\t\t\t\t\t\t\t\t<\/div>\n\t\t\t\t<\/div>\n\t\t\t\t<div class=\"elementor-element elementor-element-14b4a45 hostinger-ai-project-title hostinger-index-1 hostinger-ai-font-bold elementor-widget elementor-widget-heading\" data-id=\"14b4a45\" data-element_type=\"widget\" data-e-type=\"widget\" data-widget_type=\"heading.default\">\n\t\t\t\t<div class=\"elementor-widget-container\">\n\t\t\t\t\t<p class=\"elementor-heading-title elementor-size-default\">PICKUP \u2013 RAM 1500<\/p>\t\t\t\t<\/div>\n\t\t\t\t<\/div>\n\t\t\t\t<div class=\"elementor-element elementor-element-4e40a8a hostinger-ai-project-description hostinger-index-1 elementor-widget elementor-widget-text-editor\" data-id=\"4e40a8a\" data-element_type=\"widget\" data-e-type=\"widget\" data-widget_type=\"text-editor.default\">\n\t\t\t\t<div class=\"elementor-widget-container\">\n\t\t\t\t\t\t\t\t\t<p data-start=\"701\" data-end=\"808\">La <strong data-start=\"704\" data-end=\"742\">Ram 1500 rental in Houston, Texas<\/strong> is perfect for those who need power, space, and comfort.<\/p><p style=\"text-align: left;\" data-start=\"810\" data-end=\"917\">\u2714 Ideal for work or personal use<br data-start=\"845\" data-end=\"848\" \/>\u2714 Spacious and comfortable<br data-start=\"874\" data-end=\"877\" \/>\u2714 Excellent for long trips or hauling<\/p><p data-start=\"919\" data-end=\"1009\">\u00a0An ideal option within <strong data-start=\"945\" data-end=\"967\">car rental in Houston<\/strong> for those looking for a reliable pickup truck.<\/p>\t\t\t\t\t\t\t\t<\/div>\n\t\t\t\t<\/div>\n\t\t\t\t<\/div>\n\t\t<div data-aos=\"fade-up\" class=\"hostinger-elementor-aos elementor-element elementor-element-d22dc9d e-con-full e-flex e-con e-child\" data-id=\"d22dc9d\" data-element_type=\"container\" data-e-type=\"container\">\n\t\t\t\t<div class=\"elementor-element elementor-element-881510a hostinger-ai-project-image elementor-widget elementor-widget-image\" data-id=\"881510a\" data-element_type=\"widget\" data-e-type=\"widget\" data-widget_type=\"image.default\">\n\t\t\t\t<div class=\"elementor-widget-container\">\n\t\t\t\t\t\t\t\t\t\t\t\t\t\t\t<img decoding=\"async\" src=\"https:\/\/fastcar-rentalcars.com\/wp-content\/uploads\/2026\/03\/toyota-corolla-cross-suv-houston-renta-autos.webp.jpg\" title=\"\" alt=\"\" loading=\"lazy\" \/>\t\t\t\t\t\t\t\t\t\t\t\t\t\t\t<\/div>\n\t\t\t\t<\/div>\n\t\t\t\t<div class=\"elementor-element elementor-element-eddbbb6 hostinger-ai-project-title hostinger-index-2 hostinger-ai-font-bold elementor-widget elementor-widget-heading\" data-id=\"eddbbb6\" data-element_type=\"widget\" data-e-type=\"widget\" data-widget_type=\"heading.default\">\n\t\t\t\t<div class=\"elementor-widget-container\">\n\t\t\t\t\t<p class=\"elementor-heading-title elementor-size-default\">SUV \u2013 TOYOTA COROLLA CROSS<\/p>\t\t\t\t<\/div>\n\t\t\t\t<\/div>\n\t\t\t\t<div class=\"elementor-element elementor-element-856527c hostinger-ai-project-description hostinger-index-2 elementor-widget elementor-widget-text-editor\" data-id=\"856527c\" data-element_type=\"widget\" data-e-type=\"widget\" data-widget_type=\"text-editor.default\">\n\t\t\t\t<div class=\"elementor-widget-container\">\n\t\t\t\t\t\t\t\t\t<p data-start=\"1049\" data-end=\"1144\">La <strong data-start=\"1052\" data-end=\"1100\">Toyota Corolla Cross SUV rental in Houston<\/strong> combines fuel efficiency, comfort, and versatility.<\/p><p style=\"text-align: left;\" data-start=\"1146\" data-end=\"1246\">\u2714 Fuel-efficient<br data-start=\"1172\" data-end=\"1175\" \/>\u2714 Comfortable passenger space<br data-start=\"1206\" data-end=\"1209\" \/>\u2714 Perfect for daily use or trips<\/p><p data-start=\"1248\" data-end=\"1335\">An excellent option in <strong data-start=\"1271\" data-end=\"1309\">car rental in Houston, Texas<\/strong> for families or tourists.<\/p>\t\t\t\t\t\t\t\t<\/div>\n\t\t\t\t<\/div>\n\t\t\t\t<\/div>\n\t\t\t\t<\/div>\n\t\t\t\t\t<\/div>\n\t\t\t\t<\/div>\n\t\t<div data-aos=\"fade-up\" class=\"hostinger-elementor-aos elementor-element elementor-element-425a1bf e-flex e-con-boxed e-con e-parent\" data-id=\"425a1bf\" data-element_type=\"container\" data-e-type=\"container\" data-settings=\"{&quot;background_background&quot;:&quot;classic&quot;}\">\n\t\t\t\t\t<div class=\"e-con-inner\">\n\t\t<div data-aos=\"fade-up\" class=\"hostinger-elementor-aos elementor-element elementor-element-8eb3a11 e-con-full e-flex e-con e-child\" data-id=\"8eb3a11\" data-element_type=\"container\" data-e-type=\"container\">\n\t\t\t\t<div class=\"elementor-element elementor-element-2516ff0 hostinger-ai-title elementor-widget elementor-widget-heading\" data-id=\"2516ff0\" data-element_type=\"widget\" data-e-type=\"widget\" data-widget_type=\"heading.default\">\n\t\t\t\t<div class=\"elementor-widget-container\">\n\t\t\t\t\t<h2 class=\"elementor-heading-title elementor-size-default\">Rent A Car In Houston Today<\/h2>\t\t\t\t<\/div>\n\t\t\t\t<\/div>\n\t\t\t\t<div class=\"elementor-element elementor-element-bb2189c elementor-widget__width-initial hostinger-ai-description elementor-widget elementor-widget-text-editor\" data-id=\"bb2189c\" data-element_type=\"widget\" data-e-type=\"widget\" data-widget_type=\"text-editor.default\">\n\t\t\t\t<div class=\"elementor-widget-container\">\n\t\t\t\t\t\t\t\t\t<p>Choose your ideal vehicle with our <strong data-start=\"392\" data-end=\"427\">car rental in Houston, Texas<\/strong>.<br data-start=\"428\" data-end=\"431\" \/>We offer <strong data-start=\"441\" data-end=\"463\">car rental in Houston<\/strong> with fast delivery, affordable prices, and vehicles available today.<\/p>\t\t\t\t\t\t\t\t<\/div>\n\t\t\t\t<\/div>\n\t\t\t\t<div class=\"elementor-element elementor-element-c0f4a8e hostinger-ai-cta-button hostinger-index-0 elementor-widget elementor-widget-button\" data-id=\"c0f4a8e\" data-element_type=\"widget\" data-e-type=\"widget\" data-widget_type=\"button.default\">\n\t\t\t\t<div class=\"elementor-widget-container\">\n\t\t\t\t\t\t\t\t\t<div class=\"elementor-button-wrapper\">\n\t\t\t\t\t<a class=\"elementor-button elementor-button-link elementor-size-sm\" href=\"https:\/\/fastcar-rentalcars.com\/en\/inicio\/\">\n\t\t\t\t\t\t<span class=\"elementor-button-content-wrapper\">\n\t\t\t\t\t\t\t\t\t<span class=\"elementor-button-text\">Book via WhatsApp<\/span>\n\t\t\t\t\t<\/span>\n\t\t\t\t\t<\/a>\n\t\t\t\t<\/div>\n\t\t\t\t\t\t\t\t<\/div>\n\t\t\t\t<\/div>\n\t\t\t\t<\/div>\n\t\t\t\t\t<\/div>\n\t\t\t\t<\/div>\n\t\t\t\t<\/div>","protected":false},"excerpt":{"rendered":"<p>Nuestra flota Veh\u00edculos modernos y asequibles listos para tu pr\u00f3xima aventura en Houston. Renta De Autos En Houston Texas \u2013 Veh\u00edculos Disponibles En Fastcar Rental Cars ofrecemos renta de autos en Houston Texas con una amplia variedad de veh\u00edculos para cada necesidad.Si buscas car rental Houston, alquiler de autos en Houston o rent a car [&hellip;]<\/p>\n","protected":false},"author":1,"featured_media":0,"parent":0,"menu_order":0,"comment_status":"closed","ping_status":"closed","template":"","meta":{"footnotes":""},"class_list":["post-8","page","type-page","status-publish","hentry"],"yoast_head":"<!-- This site is optimized with the Yoast SEO plugin v27.2 - https:\/\/yoast.com\/product\/yoast-seo-wordpress\/ -->\n<title>Veh\u00edculos - FASTCAR<\/title>\n<meta name=\"robots\" content=\"index, follow, max-snippet:-1, max-image-preview:large, max-video-preview:-1\" \/>\n<link rel=\"canonical\" href=\"https:\/\/fastcar-rentalcars.com\/en\/vehiculos\/\" \/>\n<meta property=\"og:locale\" content=\"en_US\" \/>\n<meta property=\"og:type\" content=\"article\" \/>\n<meta property=\"og:title\" content=\"Veh\u00edculos - FASTCAR\" \/>\n<meta property=\"og:description\" content=\"Nuestra flota Veh\u00edculos modernos y asequibles listos para tu pr\u00f3xima aventura en Houston. Renta De Autos En Houston Texas \u2013 Veh\u00edculos Disponibles En Fastcar Rental Cars ofrecemos renta de autos en Houston Texas con una amplia variedad de veh\u00edculos para cada necesidad.Si buscas car rental Houston, alquiler de autos en Houston o rent a car [&hellip;]\" \/>\n<meta property=\"og:url\" content=\"https:\/\/fastcar-rentalcars.com\/en\/vehiculos\/\" \/>\n<meta property=\"og:site_name\" content=\"FASTCAR\" \/>\n<meta property=\"article:modified_time\" content=\"2026-03-19T22:53:58+00:00\" \/>\n<meta property=\"og:image\" content=\"https:\/\/fastcar-rentalcars.com\/wp-content\/uploads\/2026\/03\/renta-autos-houston-aeropuerto-entrega-maletas.webp.jpg\" \/>\n<meta name=\"twitter:card\" content=\"summary_large_image\" \/>\n<meta name=\"twitter:label1\" content=\"Est. reading time\" \/>\n\t<meta name=\"twitter:data1\" content=\"4 minutes\" \/>\n<script type=\"application\/ld+json\" class=\"yoast-schema-graph\">{\"@context\":\"https:\/\/schema.org\",\"@graph\":[{\"@type\":\"WebPage\",\"@id\":\"https:\/\/fastcar-rentalcars.com\/vehiculos\/\",\"url\":\"https:\/\/fastcar-rentalcars.com\/vehiculos\/\",\"name\":\"Veh\u00edculos - FASTCAR\",\"isPartOf\":{\"@id\":\"https:\/\/fastcar-rentalcars.com\/#website\"},\"primaryImageOfPage\":{\"@id\":\"https:\/\/fastcar-rentalcars.com\/vehiculos\/#primaryimage\"},\"image\":{\"@id\":\"https:\/\/fastcar-rentalcars.com\/vehiculos\/#primaryimage\"},\"thumbnailUrl\":\"https:\/\/fastcar-rentalcars.com\/wp-content\/uploads\/2026\/03\/renta-autos-houston-aeropuerto-entrega-maletas.webp.jpg\",\"datePublished\":\"2026-03-17T03:10:38+00:00\",\"dateModified\":\"2026-03-19T22:53:58+00:00\",\"breadcrumb\":{\"@id\":\"https:\/\/fastcar-rentalcars.com\/vehiculos\/#breadcrumb\"},\"inLanguage\":\"en-US\",\"potentialAction\":[{\"@type\":\"ReadAction\",\"target\":[\"https:\/\/fastcar-rentalcars.com\/vehiculos\/\"]}]},{\"@type\":\"ImageObject\",\"inLanguage\":\"en-US\",\"@id\":\"https:\/\/fastcar-rentalcars.com\/vehiculos\/#primaryimage\",\"url\":\"https:\/\/fastcar-rentalcars.com\/wp-content\/uploads\/2026\/03\/renta-autos-houston-aeropuerto-entrega-maletas.webp.jpg\",\"contentUrl\":\"https:\/\/fastcar-rentalcars.com\/wp-content\/uploads\/2026\/03\/renta-autos-houston-aeropuerto-entrega-maletas.webp.jpg\"},{\"@type\":\"BreadcrumbList\",\"@id\":\"https:\/\/fastcar-rentalcars.com\/vehiculos\/#breadcrumb\",\"itemListElement\":[{\"@type\":\"ListItem\",\"position\":1,\"name\":\"Portada\",\"item\":\"https:\/\/fastcar-rentalcars.com\/\"},{\"@type\":\"ListItem\",\"position\":2,\"name\":\"Veh\u00edculos\"}]},{\"@type\":\"WebSite\",\"@id\":\"https:\/\/fastcar-rentalcars.com\/#website\",\"url\":\"https:\/\/fastcar-rentalcars.com\/\",\"name\":\"FASTCAR\",\"description\":\"Renta de autos en Houston TX | Car Rental Houston | FASTCAR\",\"publisher\":{\"@id\":\"https:\/\/fastcar-rentalcars.com\/#organization\"},\"potentialAction\":[{\"@type\":\"SearchAction\",\"target\":{\"@type\":\"EntryPoint\",\"urlTemplate\":\"https:\/\/fastcar-rentalcars.com\/?s={search_term_string}\"},\"query-input\":{\"@type\":\"PropertyValueSpecification\",\"valueRequired\":true,\"valueName\":\"search_term_string\"}}],\"inLanguage\":\"en-US\"},{\"@type\":\"Organization\",\"@id\":\"https:\/\/fastcar-rentalcars.com\/#organization\",\"name\":\"FASTCAR\",\"url\":\"https:\/\/fastcar-rentalcars.com\/\",\"logo\":{\"@type\":\"ImageObject\",\"inLanguage\":\"en-US\",\"@id\":\"https:\/\/fastcar-rentalcars.com\/#\/schema\/logo\/image\/\",\"url\":\"https:\/\/fastcar-rentalcars.com\/wp-content\/uploads\/2026\/03\/Logo-FC-Negro-1-scaled.png\",\"contentUrl\":\"https:\/\/fastcar-rentalcars.com\/wp-content\/uploads\/2026\/03\/Logo-FC-Negro-1-scaled.png\",\"width\":2560,\"height\":642,\"caption\":\"FASTCAR\"},\"image\":{\"@id\":\"https:\/\/fastcar-rentalcars.com\/#\/schema\/logo\/image\/\"}}]}<\/script>\n<!-- \/ Yoast SEO plugin. -->","yoast_head_json":{"title":"Veh\u00edculos - FASTCAR","robots":{"index":"index","follow":"follow","max-snippet":"max-snippet:-1","max-image-preview":"max-image-preview:large","max-video-preview":"max-video-preview:-1"},"canonical":"https:\/\/fastcar-rentalcars.com\/en\/vehiculos\/","og_locale":"en_US","og_type":"article","og_title":"Veh\u00edculos - FASTCAR","og_description":"Nuestra flota Veh\u00edculos modernos y asequibles listos para tu pr\u00f3xima aventura en Houston. Renta De Autos En Houston Texas \u2013 Veh\u00edculos Disponibles En Fastcar Rental Cars ofrecemos renta de autos en Houston Texas con una amplia variedad de veh\u00edculos para cada necesidad.Si buscas car rental Houston, alquiler de autos en Houston o rent a car [&hellip;]","og_url":"https:\/\/fastcar-rentalcars.com\/en\/vehiculos\/","og_site_name":"FASTCAR","article_modified_time":"2026-03-19T22:53:58+00:00","og_image":[{"url":"https:\/\/fastcar-rentalcars.com\/wp-content\/uploads\/2026\/03\/renta-autos-houston-aeropuerto-entrega-maletas.webp.jpg","type":"","width":"","height":""}],"twitter_card":"summary_large_image","twitter_misc":{"Est. reading time":"4 minutes"},"schema":{"@context":"https:\/\/schema.org","@graph":[{"@type":"WebPage","@id":"https:\/\/fastcar-rentalcars.com\/vehiculos\/","url":"https:\/\/fastcar-rentalcars.com\/vehiculos\/","name":"Veh\u00edculos - FASTCAR","isPartOf":{"@id":"https:\/\/fastcar-rentalcars.com\/#website"},"primaryImageOfPage":{"@id":"https:\/\/fastcar-rentalcars.com\/vehiculos\/#primaryimage"},"image":{"@id":"https:\/\/fastcar-rentalcars.com\/vehiculos\/#primaryimage"},"thumbnailUrl":"https:\/\/fastcar-rentalcars.com\/wp-content\/uploads\/2026\/03\/renta-autos-houston-aeropuerto-entrega-maletas.webp.jpg","datePublished":"2026-03-17T03:10:38+00:00","dateModified":"2026-03-19T22:53:58+00:00","breadcrumb":{"@id":"https:\/\/fastcar-rentalcars.com\/vehiculos\/#breadcrumb"},"inLanguage":"en-US","potentialAction":[{"@type":"ReadAction","target":["https:\/\/fastcar-rentalcars.com\/vehiculos\/"]}]},{"@type":"ImageObject","inLanguage":"en-US","@id":"https:\/\/fastcar-rentalcars.com\/vehiculos\/#primaryimage","url":"https:\/\/fastcar-rentalcars.com\/wp-content\/uploads\/2026\/03\/renta-autos-houston-aeropuerto-entrega-maletas.webp.jpg","contentUrl":"https:\/\/fastcar-rentalcars.com\/wp-content\/uploads\/2026\/03\/renta-autos-houston-aeropuerto-entrega-maletas.webp.jpg"},{"@type":"BreadcrumbList","@id":"https:\/\/fastcar-rentalcars.com\/vehiculos\/#breadcrumb","itemListElement":[{"@type":"ListItem","position":1,"name":"Portada","item":"https:\/\/fastcar-rentalcars.com\/"},{"@type":"ListItem","position":2,"name":"Veh\u00edculos"}]},{"@type":"WebSite","@id":"https:\/\/fastcar-rentalcars.com\/#website","url":"https:\/\/fastcar-rentalcars.com\/","name":"FASTCAR","description":"Renta de autos en Houston TX | Car Rental Houston | FASTCAR","publisher":{"@id":"https:\/\/fastcar-rentalcars.com\/#organization"},"potentialAction":[{"@type":"SearchAction","target":{"@type":"EntryPoint","urlTemplate":"https:\/\/fastcar-rentalcars.com\/?s={search_term_string}"},"query-input":{"@type":"PropertyValueSpecification","valueRequired":true,"valueName":"search_term_string"}}],"inLanguage":"en-US"},{"@type":"Organization","@id":"https:\/\/fastcar-rentalcars.com\/#organization","name":"FASTCAR","url":"https:\/\/fastcar-rentalcars.com\/","logo":{"@type":"ImageObject","inLanguage":"en-US","@id":"https:\/\/fastcar-rentalcars.com\/#\/schema\/logo\/image\/","url":"https:\/\/fastcar-rentalcars.com\/wp-content\/uploads\/2026\/03\/Logo-FC-Negro-1-scaled.png","contentUrl":"https:\/\/fastcar-rentalcars.com\/wp-content\/uploads\/2026\/03\/Logo-FC-Negro-1-scaled.png","width":2560,"height":642,"caption":"FASTCAR"},"image":{"@id":"https:\/\/fastcar-rentalcars.com\/#\/schema\/logo\/image\/"}}]}},"_hostinger_reach_plugin_has_subscription_block":false,"_hostinger_reach_plugin_is_elementor":false,"_links":{"self":[{"href":"https:\/\/fastcar-rentalcars.com\/en\/wp-json\/wp\/v2\/pages\/8","targetHints":{"allow":["GET"]}}],"collection":[{"href":"https:\/\/fastcar-rentalcars.com\/en\/wp-json\/wp\/v2\/pages"}],"about":[{"href":"https:\/\/fastcar-rentalcars.com\/en\/wp-json\/wp\/v2\/types\/page"}],"author":[{"embeddable":true,"href":"https:\/\/fastcar-rentalcars.com\/en\/wp-json\/wp\/v2\/users\/1"}],"replies":[{"embeddable":true,"href":"https:\/\/fastcar-rentalcars.com\/en\/wp-json\/wp\/v2\/comments?post=8"}],"version-history":[{"count":16,"href":"https:\/\/fastcar-rentalcars.com\/en\/wp-json\/wp\/v2\/pages\/8\/revisions"}],"predecessor-version":[{"id":120,"href":"https:\/\/fastcar-rentalcars.com\/en\/wp-json\/wp\/v2\/pages\/8\/revisions\/120"}],"wp:attachment":[{"href":"https:\/\/fastcar-rentalcars.com\/en\/wp-json\/wp\/v2\/media?parent=8"}],"curies":[{"name":"wp","href":"https:\/\/api.w.org\/{rel}","templated":true}]}}